{"id":7045,"date":"2022-03-14T14:15:40","date_gmt":"2022-03-14T18:15:40","guid":{"rendered":"http:\/\/frigair.com\/?page_id=7045"},"modified":"2025-10-15T08:54:38","modified_gmt":"2025-10-15T12:54:38","slug":"azienda","status":"publish","type":"page","link":"https:\/\/www.frigair.com\/it\/azienda\/","title":{"rendered":"AZIENDA"},"content":{"rendered":"\t\t<div data-elementor-type=\"wp-page\" data-elementor-id=\"7045\" class=\"elementor elementor-7045 elementor-917\" data-elementor-post-type=\"page\">\n\t\t\t\t<div class=\"elementor-element elementor-element-4cf808d e-con-full e-flex e-con e-parent\" data-id=\"4cf808d\" data-element_type=\"container\">\n\t\t\t\t<\/div>\n\t\t<div class=\"elementor-element elementor-element-ce09867 e-flex e-con-boxed e-con e-parent\" data-id=\"ce09867\" data-element_type=\"container\" data-settings=\"{&quot;background_background&quot;:&quot;classic&quot;}\">\n\t\t\t\t\t<div class=\"e-con-inner\">\n\t\t<div class=\"elementor-element elementor-element-d3fa4ad e-flex e-con-boxed e-con e-child\" data-id=\"d3fa4ad\" data-element_type=\"container\" data-settings=\"{&quot;background_background&quot;:&quot;classic&quot;}\">\n\t\t\t\t\t<div class=\"e-con-inner\">\n\t\t\t\t<div class=\"elementor-element elementor-element-1170daa elementor-widget elementor-widget-text-editor\" data-id=\"1170daa\" data-element_type=\"widget\" data-widget_type=\"text-editor.default\">\n\t\t\t\t<div class=\"elementor-widget-container\">\n\t\t\t\t\t\t\t\t\t<p>Oggi la nostra azienda offre +10.000 prodotti, Distribuisce a livello internazionale parti di ricambio per sistemi di raffreddamento del motore e sistemi di climatizzazione per auto, camion e veicoli commerciali.<\/p>\t\t\t\t\t\t\t\t<\/div>\n\t\t\t\t<\/div>\n\t\t\t\t\t<\/div>\n\t\t\t\t<\/div>\n\t\t\t\t\t<\/div>\n\t\t\t\t<\/div>\n\t\t<div class=\"elementor-element elementor-element-5c7f152 e-con-full e-flex e-con e-parent\" data-id=\"5c7f152\" data-element_type=\"container\" data-settings=\"{&quot;background_background&quot;:&quot;classic&quot;}\">\n\t\t<div class=\"elementor-element elementor-element-1947e3f e-con-full e-flex e-con e-child\" data-id=\"1947e3f\" data-element_type=\"container\">\n\t\t\t\t<div class=\"elementor-element elementor-element-f2684ca elementor-widget-laptop__width-initial elementor-widget elementor-widget-heading\" data-id=\"f2684ca\" data-element_type=\"widget\" data-widget_type=\"heading.default\">\n\t\t\t\t<div class=\"elementor-widget-container\">\n\t\t\t\t\t<h2 class=\"elementor-heading-title elementor-size-default\">Pi\u00f9 di 20.000 mq di spazio <br \/>\nadibito a magazzini in Europa<br \/>\ne due aziende di produzione <br \/>\nper soddisfare le richieste dei <br \/>\nnostril clienti con precisione <br \/>\ned affidabilit\u00e0\n<\/h2>\t\t\t\t<\/div>\n\t\t\t\t<\/div>\n\t\t\t\t<\/div>\n\t\t<div class=\"elementor-element elementor-element-d708983 e-con-full e-flex e-con e-child\" data-id=\"d708983\" data-element_type=\"container\" data-settings=\"{&quot;background_background&quot;:&quot;classic&quot;}\">\n\t\t\t\t<\/div>\n\t\t\t\t<\/div>\n\t\t<div class=\"elementor-element elementor-element-23af646 e-con-full e-flex e-con e-parent\" data-id=\"23af646\" data-element_type=\"container\">\n\t\t<div class=\"elementor-element elementor-element-bc7bb1c e-con-full e-flex e-con e-child\" data-id=\"bc7bb1c\" data-element_type=\"container\" data-settings=\"{&quot;background_background&quot;:&quot;classic&quot;}\">\n\t\t\t\t<div class=\"elementor-element elementor-element-3cd3bbc elementor-widget-laptop__width-initial elementor-widget elementor-widget-heading\" data-id=\"3cd3bbc\" data-element_type=\"widget\" data-widget_type=\"heading.default\">\n\t\t\t\t<div class=\"elementor-widget-container\">\n\t\t\t\t\t<h2 class=\"elementor-heading-title elementor-size-default\">LA NOSTRA MISSIONE <br \/>\n <br \/>\nLa nostra missione \u00e8 fornire ai nostri clienti prodotti e servizi eccezionali che soddisfino le loro esigenze, favorendo al tempo stesso relazioni forti e durature. <br \/>\n <br \/>Ci impegniamo per la qualit\u00e0, la convenienza e l\u2019efficacia dei costi, consentendoci di migliorare continuamente e garantire la stabilit\u00e0 della nostra attivit\u00e0.\n<\/h2>\t\t\t\t<\/div>\n\t\t\t\t<\/div>\n\t\t\t\t<\/div>\n\t\t<div class=\"elementor-element elementor-element-1d4fa2b e-con-full e-flex e-con e-child\" data-id=\"1d4fa2b\" data-element_type=\"container\">\n\t\t\t\t<div class=\"elementor-element elementor-element-d5acee3 elementor-widget elementor-widget-image\" data-id=\"d5acee3\" data-element_type=\"widget\" data-widget_type=\"image.default\">\n\t\t\t\t<div class=\"elementor-widget-container\">\n\t\t\t\t\t\t\t\t\t\t\t\t\t\t\t<img decoding=\"async\" src=\"https:\/\/www.frigair.com\/wp-content\/uploads\/elementor\/thumbs\/OE_Frigair-q0wenwglc4yyy39mw1nant1cwi7x6wxm854y2hg1sk.png\" title=\"OE_Frigair\" alt=\"OE_Frigair\" loading=\"lazy\" \/>\t\t\t\t\t\t\t\t\t\t\t\t\t\t\t<\/div>\n\t\t\t\t<\/div>\n\t\t\t\t<\/div>\n\t\t\t\t<\/div>\n\t\t<div class=\"elementor-element elementor-element-be874e9 e-con-full e-flex e-con e-parent\" data-id=\"be874e9\" data-element_type=\"container\">\n\t\t<div class=\"elementor-element elementor-element-92f3e7e e-con-full e-flex e-con e-child\" data-id=\"92f3e7e\" data-element_type=\"container\" data-settings=\"{&quot;background_background&quot;:&quot;classic&quot;}\">\n\t\t\t\t<div class=\"elementor-element elementor-element-9891d5f elementor-widget-laptop__width-initial elementor-widget elementor-widget-heading\" data-id=\"9891d5f\" data-element_type=\"widget\" data-widget_type=\"heading.default\">\n\t\t\t\t<div class=\"elementor-widget-container\">\n\t\t\t\t\t<h2 class=\"elementor-heading-title elementor-size-default\">LA VISIONE <br \/> <br \/>\nColtivare relazioni durature e affidabili con i clienti a livello globale. Ci impegniamo a promuovere una 'Cultura FrigAir' che valorizzi il nostro personale, garantendo la loro crescita e l'allineamento con i valori aziendali.  <br \/> <br \/>Questa cultura si estende alla salvaguardia di un ambiente sostenibile per le nostre persone e per le future generazioni. <br \/> <br \/> La salute finanziaria della nostra azienda alimenta questa visione, migliorando sia il benessere dei dipendenti che i ritorni degli investitori.<\/h2>\t\t\t\t<\/div>\n\t\t\t\t<\/div>\n\t\t\t\t<\/div>\n\t\t<div class=\"elementor-element elementor-element-0e16dd5 e-con-full e-flex e-con e-child\" data-id=\"0e16dd5\" data-element_type=\"container\" data-settings=\"{&quot;background_background&quot;:&quot;classic&quot;}\">\n\t\t\t\t<\/div>\n\t\t\t\t<\/div>\n\t\t<div class=\"elementor-element elementor-element-8b39903 e-flex e-con-boxed e-con e-parent\" data-id=\"8b39903\" data-element_type=\"container\" data-settings=\"{&quot;background_background&quot;:&quot;classic&quot;}\">\n\t\t\t\t\t<div class=\"e-con-inner\">\n\t\t<div class=\"elementor-element elementor-element-950dd05 e-flex e-con-boxed e-con e-child\" data-id=\"950dd05\" data-element_type=\"container\" data-settings=\"{&quot;background_background&quot;:&quot;classic&quot;}\">\n\t\t\t\t\t<div class=\"e-con-inner\">\n\t\t\t\t<div class=\"elementor-element elementor-element-6122167 elementor-widget elementor-widget-text-editor\" data-id=\"6122167\" data-element_type=\"widget\" data-widget_type=\"text-editor.default\">\n\t\t\t\t<div class=\"elementor-widget-container\">\n\t\t\t\t\t\t\t\t\t<p>FrigAir significa <strong>QUALITA\u2019 ed INNOVAZIONE.<\/strong><\/p><p>E anche <strong>FIDUCIA, perch\u00e9 \u00e8 da 30 anni che commercializziamo prodotti OE.<\/strong><\/p>\t\t\t\t\t\t\t\t<\/div>\n\t\t\t\t<\/div>\n\t\t\t\t\t<\/div>\n\t\t\t\t<\/div>\n\t\t\t\t\t<\/div>\n\t\t\t\t<\/div>\n\t\t<div class=\"elementor-element elementor-element-9754745 e-flex e-con-boxed e-con e-parent\" data-id=\"9754745\" data-element_type=\"container\" data-settings=\"{&quot;background_background&quot;:&quot;classic&quot;}\">\n\t\t\t\t\t<div class=\"e-con-inner\">\n\t\t<div class=\"elementor-element elementor-element-d1764f6 e-con-full e-flex e-con e-child\" data-id=\"d1764f6\" data-element_type=\"container\">\n\t\t\t\t<div class=\"elementor-element elementor-element-dc02d57 elementor-widget-laptop__width-initial elementor-widget elementor-widget-heading\" data-id=\"dc02d57\" data-element_type=\"widget\" data-widget_type=\"heading.default\">\n\t\t\t\t<div class=\"elementor-widget-container\">\n\t\t\t\t\t<h2 class=\"elementor-heading-title elementor-size-default\">CONNESSIONE\n<\/h2>\t\t\t\t<\/div>\n\t\t\t\t<\/div>\n\t\t\t\t<div class=\"elementor-element elementor-element-71576d0 elementor-widget elementor-widget-text-editor\" data-id=\"71576d0\" data-element_type=\"widget\" data-widget_type=\"text-editor.default\">\n\t\t\t\t<div class=\"elementor-widget-container\">\n\t\t\t\t\t\t\t\t\t<p>+del 70% dei nostril ordini sono online.<\/p>\t\t\t\t\t\t\t\t<\/div>\n\t\t\t\t<\/div>\n\t\t\t\t<div class=\"elementor-element elementor-element-1d1a5c5 elementor-widget-laptop__width-initial elementor-widget elementor-widget-heading\" data-id=\"1d1a5c5\" data-element_type=\"widget\" data-widget_type=\"heading.default\">\n\t\t\t\t<div class=\"elementor-widget-container\">\n\t\t\t\t\t<h2 class=\"elementor-heading-title elementor-size-default\">ASSISTENZA 24h\/7\n<\/h2>\t\t\t\t<\/div>\n\t\t\t\t<\/div>\n\t\t\t\t<div class=\"elementor-element elementor-element-55a4de6 elementor-widget elementor-widget-text-editor\" data-id=\"55a4de6\" data-element_type=\"widget\" data-widget_type=\"text-editor.default\">\n\t\t\t\t<div class=\"elementor-widget-container\">\n\t\t\t\t\t\t\t\t\t<p>Tutte le informazioni tecniche sono online, forniamo risposte immediate a tutti I clienti.<\/p>\t\t\t\t\t\t\t\t<\/div>\n\t\t\t\t<\/div>\n\t\t\t\t<\/div>\n\t\t<div class=\"elementor-element elementor-element-96193b9 e-con-full e-flex e-con e-child\" data-id=\"96193b9\" data-element_type=\"container\">\n\t\t\t\t<div class=\"elementor-element elementor-element-00905aa elementor-widget-laptop__width-initial elementor-widget elementor-widget-heading\" data-id=\"00905aa\" data-element_type=\"widget\" data-widget_type=\"heading.default\">\n\t\t\t\t<div class=\"elementor-widget-container\">\n\t\t\t\t\t<h2 class=\"elementor-heading-title elementor-size-default\">SOSTENIBILITA\u2019\n<\/h2>\t\t\t\t<\/div>\n\t\t\t\t<\/div>\n\t\t\t\t<div class=\"elementor-element elementor-element-f6ee3ec elementor-widget elementor-widget-text-editor\" data-id=\"f6ee3ec\" data-element_type=\"widget\" data-widget_type=\"text-editor.default\">\n\t\t\t\t<div class=\"elementor-widget-container\">\n\t\t\t\t\t\t\t\t\t<p>Impegnati a ridurre l\u2019impatto ambietale di ogni operazione in ogni Azienda o paese ci sentiamo totalmente\u00a0 coinvolti.<\/p><p>Promuoviamo I concetti di economia circolare nei prodotti e nel design degli imballaggi.<\/p>\t\t\t\t\t\t\t\t<\/div>\n\t\t\t\t<\/div>\n\t\t\t\t<\/div>\n\t\t<div class=\"elementor-element elementor-element-d948d6a e-con-full e-flex e-con e-child\" data-id=\"d948d6a\" data-element_type=\"container\">\n\t\t\t\t<div class=\"elementor-element elementor-element-db49e52 elementor-widget elementor-widget-image\" data-id=\"db49e52\" data-element_type=\"widget\" data-widget_type=\"image.default\">\n\t\t\t\t<div class=\"elementor-widget-container\">\n\t\t\t\t\t\t\t\t\t\t\t\t\t\t\t<img fetchpriority=\"high\" decoding=\"async\" width=\"300\" height=\"225\" src=\"https:\/\/www.frigair.com\/wp-content\/uploads\/2023\/01\/Corporate_parts-300x225.png\" class=\"attachment-medium size-medium wp-image-4188\" alt=\"\" srcset=\"https:\/\/www.frigair.com\/wp-content\/uploads\/2023\/01\/Corporate_parts-300x225.png 300w, https:\/\/www.frigair.com\/wp-content\/uploads\/2023\/01\/Corporate_parts-768x576.png 768w, https:\/\/www.frigair.com\/wp-content\/uploads\/2023\/01\/Corporate_parts-600x450.png 600w, https:\/\/www.frigair.com\/wp-content\/uploads\/2023\/01\/Corporate_parts.png 1020w\" sizes=\"(max-width: 300px) 100vw, 300px\" \/>\t\t\t\t\t\t\t\t\t\t\t\t\t\t\t<\/div>\n\t\t\t\t<\/div>\n\t\t\t\t<div class=\"elementor-element elementor-element-ca441ef elementor-widget elementor-widget-text-editor\" data-id=\"ca441ef\" data-element_type=\"widget\" data-widget_type=\"text-editor.default\">\n\t\t\t\t<div class=\"elementor-widget-container\">\n\t\t\t\t\t\t\t\t\t<p>La nostra intera gamma di <strong>compressori 940<\/strong> viene prodotta riciclando componenti <strong>OE usati<\/strong>, interamente rigenerati alle condizioni originali , con utilizzo di tecnologie altamente avanzate e processi di produzione industriale.<\/p>\t\t\t\t\t\t\t\t<\/div>\n\t\t\t\t<\/div>\n\t\t\t\t<\/div>\n\t\t\t\t\t<\/div>\n\t\t\t\t<\/div>\n\t\t<div class=\"elementor-element elementor-element-3150194 e-flex e-con-boxed e-con e-parent\" data-id=\"3150194\" data-element_type=\"container\" data-settings=\"{&quot;background_background&quot;:&quot;classic&quot;}\">\n\t\t\t\t\t<div class=\"e-con-inner\">\n\t\t\t\t<div class=\"elementor-element elementor-element-d44cc64 elementor-widget elementor-widget-text-editor\" data-id=\"d44cc64\" data-element_type=\"widget\" data-widget_type=\"text-editor.default\">\n\t\t\t\t<div class=\"elementor-widget-container\">\n\t\t\t\t\t\t\t\t\t<p>Ma ci\u00f2 che \u00e8 pi\u00f9 importante : <strong>FrigAir significa IMPEGNO!<\/strong><\/p>\t\t\t\t\t\t\t\t<\/div>\n\t\t\t\t<\/div>\n\t\t\t\t<div class=\"elementor-element elementor-element-5e35637 elementor-widget elementor-widget-text-editor\" data-id=\"5e35637\" data-element_type=\"widget\" data-widget_type=\"text-editor.default\">\n\t\t\t\t<div class=\"elementor-widget-container\">\n\t\t\t\t\t\t\t\t\t<p><strong>Le nostre persone sono il nostro bene<\/strong> pi\u00f9 prezioso perch\u00e8 lavorano con passione ogni giorno per consentire all\u2019azienda di crescere<\/p>\t\t\t\t\t\t\t\t<\/div>\n\t\t\t\t<\/div>\n\t\t\t\t\t<\/div>\n\t\t\t\t<\/div>\n\t\t<div class=\"elementor-element elementor-element-7e238cb e-flex e-con-boxed e-con e-parent\" data-id=\"7e238cb\" data-element_type=\"container\" data-settings=\"{&quot;background_background&quot;:&quot;classic&quot;}\">\n\t\t\t\t\t<div class=\"e-con-inner\">\n\t\t<div class=\"elementor-element elementor-element-578bd5b e-con-full e-flex e-con e-child\" data-id=\"578bd5b\" data-element_type=\"container\" data-settings=\"{&quot;background_background&quot;:&quot;classic&quot;}\">\n\t\t\t\t<\/div>\n\t\t<div class=\"elementor-element elementor-element-ab9e79c e-con-full e-flex e-con e-child\" data-id=\"ab9e79c\" data-element_type=\"container\">\n\t\t<div class=\"elementor-element elementor-element-218f6595 e-con-full e-flex e-con e-child\" data-id=\"218f6595\" data-element_type=\"container\">\n\t\t<div class=\"elementor-element elementor-element-76a7f63 e-flex e-con-boxed e-con e-child\" data-id=\"76a7f63\" data-element_type=\"container\" data-settings=\"{&quot;background_background&quot;:&quot;classic&quot;}\">\n\t\t\t\t\t<div class=\"e-con-inner\">\n\t\t\t\t<div class=\"elementor-element elementor-element-22ddf39 elementor-widget elementor-widget-text-editor\" data-id=\"22ddf39\" data-element_type=\"widget\" data-widget_type=\"text-editor.default\">\n\t\t\t\t<div class=\"elementor-widget-container\">\n\t\t\t\t\t\t\t\t\t<p>Sostenendo le nuove generazioni, promuovendo l\u2019innovazione nelle universit\u00e0 e preparandoci a ci\u00f2 che riserva il futuro dei veicoli.<\/p>\t\t\t\t\t\t\t\t<\/div>\n\t\t\t\t<\/div>\n\t\t\t\t\t<\/div>\n\t\t\t\t<\/div>\n\t\t\t\t<div class=\"elementor-element elementor-element-c337d98 elementor-widget elementor-widget-text-editor\" data-id=\"c337d98\" data-element_type=\"widget\" data-widget_type=\"text-editor.default\">\n\t\t\t\t<div class=\"elementor-widget-container\">\n\t\t\t\t\t\t\t\t\t<p>Siamo impegnati a metterci costantemente alla prova, ad essere il partner preferito dei nostri clienti, a partecipare attivamente al loro business e a rendere la loro vita pi\u00f9 semplice.<\/p>\t\t\t\t\t\t\t\t<\/div>\n\t\t\t\t<\/div>\n\t\t\t\t<\/div>\n\t\t\t\t<\/div>\n\t\t\t\t\t<\/div>\n\t\t\t\t<\/div>\n\t\t<div class=\"elementor-element elementor-element-7b93319b e-con-full e-flex e-con e-parent\" data-id=\"7b93319b\" data-element_type=\"container\" data-settings=\"{&quot;background_background&quot;:&quot;classic&quot;}\">\n\t\t<div class=\"elementor-element elementor-element-38cb9fcc e-con-full e-flex e-con e-child\" data-id=\"38cb9fcc\" data-element_type=\"container\">\n\t\t\t\t<div class=\"elementor-element elementor-element-3655500f elementor-widget__width-initial elementor-widget elementor-widget-heading\" data-id=\"3655500f\" data-element_type=\"widget\" data-widget_type=\"heading.default\">\n\t\t\t\t<div class=\"elementor-widget-container\">\n\t\t\t\t\t<h2 class=\"elementor-heading-title elementor-size-default\">\nPER SEGUIRCI <BR \/>\nSU LINKEDIN<\/h2>\t\t\t\t<\/div>\n\t\t\t\t<\/div>\n\t\t\t\t<\/div>\n\t\t<div class=\"elementor-element elementor-element-43fa33c1 e-con-full e-flex e-con e-child\" data-id=\"43fa33c1\" data-element_type=\"container\">\n\t\t\t\t<div class=\"elementor-element elementor-element-3c93728 elementor-widget elementor-widget-button\" data-id=\"3c93728\" data-element_type=\"widget\" data-widget_type=\"button.default\">\n\t\t\t\t<div class=\"elementor-widget-container\">\n\t\t\t\t\t\t\t\t\t<div class=\"elementor-button-wrapper\">\n\t\t\t\t\t<a class=\"elementor-button elementor-button-link elementor-size-xl\" href=\"https:\/\/www.linkedin.com\/company\/frigairgroup\/\" target=\"_blank\">\n\t\t\t\t\t\t<span class=\"elementor-button-content-wrapper\">\n\t\t\t\t\t\t<span class=\"elementor-button-icon\">\n\t\t\t\t<svg aria-hidden=\"true\" class=\"e-font-icon-svg e-fab-linkedin\" viewBox=\"0 0 448 512\" xmlns=\"http:\/\/www.w3.org\/2000\/svg\"><path d=\"M416 32H31.9C14.3 32 0 46.5 0 64.3v383.4C0 465.5 14.3 480 31.9 480H416c17.6 0 32-14.5 32-32.3V64.3c0-17.8-14.4-32.3-32-32.3zM135.4 416H69V202.2h66.5V416zm-33.2-243c-21.3 0-38.5-17.3-38.5-38.5S80.9 96 102.2 96c21.2 0 38.5 17.3 38.5 38.5 0 21.3-17.2 38.5-38.5 38.5zm282.1 243h-66.4V312c0-24.8-.5-56.7-34.5-56.7-34.6 0-39.9 27-39.9 54.9V416h-66.4V202.2h63.7v29.2h.9c8.9-16.8 30.6-34.5 62.9-34.5 67.2 0 79.7 44.3 79.7 101.9V416z\"><\/path><\/svg>\t\t\t<\/span>\n\t\t\t\t\t\t\t\t\t<span class=\"elementor-button-text\">Clicca Qui!<\/span>\n\t\t\t\t\t<\/span>\n\t\t\t\t\t<\/a>\n\t\t\t\t<\/div>\n\t\t\t\t\t\t\t\t<\/div>\n\t\t\t\t<\/div>\n\t\t\t\t<\/div>\n\t\t<div class=\"elementor-element elementor-element-7478b9de e-con-full e-flex e-con e-child\" data-id=\"7478b9de\" data-element_type=\"container\">\n\t\t\t\t<div class=\"elementor-element elementor-element-17b4d496 elementor-widget elementor-widget-heading\" data-id=\"17b4d496\" data-element_type=\"widget\" data-widget_type=\"heading.default\">\n\t\t\t\t<div class=\"elementor-widget-container\">\n\t\t\t\t\t<h2 class=\"elementor-heading-title elementor-size-default\">YOUR<\/br>\nCOOLEST<\/br>\nSUPPLIER<\/h2>\t\t\t\t<\/div>\n\t\t\t\t<\/div>\n\t\t\t\t<\/div>\n\t\t\t\t<\/div>\n\t\t\t\t<\/div>\n\t\t","protected":false},"excerpt":{"rendered":"<p>Oggi la nostra azienda offre +10.000 prodotti, Distribuisce a livello internazionale parti di ricambio per sistemi di raffreddamento del motore e sistemi di climatizzazione per auto, camion e veicoli commerciali. Pi\u00f9 di 20.000 mq di spazio adibito a magazzini in Europa e due aziende di produzione per soddisfare le richieste dei nostril clienti con precisione [&hellip;]<\/p>\n","protected":false},"author":1,"featured_media":0,"parent":0,"menu_order":0,"comment_status":"closed","ping_status":"closed","template":"","meta":{"_monsterinsights_skip_tracking":false,"_monsterinsights_sitenote_active":false,"_monsterinsights_sitenote_note":"","_monsterinsights_sitenote_category":0,"footnotes":""},"class_list":["post-7045","page","type-page","status-publish","hentry"],"aioseo_notices":[],"_links":{"self":[{"href":"https:\/\/www.frigair.com\/it\/wp-json\/wp\/v2\/pages\/7045","targetHints":{"allow":["GET"]}}],"collection":[{"href":"https:\/\/www.frigair.com\/it\/wp-json\/wp\/v2\/pages"}],"about":[{"href":"https:\/\/www.frigair.com\/it\/wp-json\/wp\/v2\/types\/page"}],"author":[{"embeddable":true,"href":"https:\/\/www.frigair.com\/it\/wp-json\/wp\/v2\/users\/1"}],"replies":[{"embeddable":true,"href":"https:\/\/www.frigair.com\/it\/wp-json\/wp\/v2\/comments?post=7045"}],"version-history":[{"count":74,"href":"https:\/\/www.frigair.com\/it\/wp-json\/wp\/v2\/pages\/7045\/revisions"}],"predecessor-version":[{"id":10599,"href":"https:\/\/www.frigair.com\/it\/wp-json\/wp\/v2\/pages\/7045\/revisions\/10599"}],"wp:attachment":[{"href":"https:\/\/www.frigair.com\/it\/wp-json\/wp\/v2\/media?parent=7045"}],"curies":[{"name":"wp","href":"https:\/\/api.w.org\/{rel}","templated":true}]}}