{"id":7340,"date":"2022-03-14T14:15:40","date_gmt":"2022-03-14T18:15:40","guid":{"rendered":"http:\/\/frigair.com\/?page_id=7340"},"modified":"2025-10-15T08:55:22","modified_gmt":"2025-10-15T12:55:22","slug":"qui-sommes-nous","status":"publish","type":"page","link":"https:\/\/www.frigair.com\/fr\/qui-sommes-nous\/","title":{"rendered":"QUI SOMMES-NOUS ?"},"content":{"rendered":"\t\t<div data-elementor-type=\"wp-page\" data-elementor-id=\"7340\" class=\"elementor elementor-7340 elementor-917\" data-elementor-post-type=\"page\">\n\t\t\t\t<div class=\"elementor-element elementor-element-4cf808d e-con-full e-flex e-con e-parent\" data-id=\"4cf808d\" data-element_type=\"container\">\n\t\t\t\t<\/div>\n\t\t<div class=\"elementor-element elementor-element-ce09867 e-flex e-con-boxed e-con e-parent\" data-id=\"ce09867\" data-element_type=\"container\" data-settings=\"{&quot;background_background&quot;:&quot;classic&quot;}\">\n\t\t\t\t\t<div class=\"e-con-inner\">\n\t\t<div class=\"elementor-element elementor-element-d3fa4ad e-flex e-con-boxed e-con e-child\" data-id=\"d3fa4ad\" data-element_type=\"container\" data-settings=\"{&quot;background_background&quot;:&quot;classic&quot;}\">\n\t\t\t\t\t<div class=\"e-con-inner\">\n\t\t\t\t<div class=\"elementor-element elementor-element-1170daa elementor-widget elementor-widget-text-editor\" data-id=\"1170daa\" data-element_type=\"widget\" data-widget_type=\"text-editor.default\">\n\t\t\t\t<div class=\"elementor-widget-container\">\n\t\t\t\t\t\t\t\t\t<p>\u00a0Aujourd\u2019hui, notre entreprise offre +10000\u00a0r\u00e9f\u00e9rences, distribue au niveau international des pi\u00e8ces de rechange pour le syst\u00e8me de refroidissement moteur\u00a0et les syst\u00e8mes A\/C pour voitures, camions et camionnettes.<\/p>\t\t\t\t\t\t\t\t<\/div>\n\t\t\t\t<\/div>\n\t\t\t\t\t<\/div>\n\t\t\t\t<\/div>\n\t\t\t\t\t<\/div>\n\t\t\t\t<\/div>\n\t\t<div class=\"elementor-element elementor-element-5c7f152 e-con-full e-flex e-con e-parent\" data-id=\"5c7f152\" data-element_type=\"container\" data-settings=\"{&quot;background_background&quot;:&quot;classic&quot;}\">\n\t\t<div class=\"elementor-element elementor-element-1947e3f e-con-full e-flex e-con e-child\" data-id=\"1947e3f\" data-element_type=\"container\">\n\t\t\t\t<div class=\"elementor-element elementor-element-f2684ca elementor-widget-laptop__width-initial elementor-widget elementor-widget-heading\" data-id=\"f2684ca\" data-element_type=\"widget\" data-widget_type=\"heading.default\">\n\t\t\t\t<div class=\"elementor-widget-container\">\n\t\t\t\t\t<h2 class=\"elementor-heading-title elementor-size-default\">Avec plus de 20.000 m\u00b2 d'espace <br \/>\nentrep\u00f4t combin\u00e9 en Europe et deux<br \/>\nfabricants pour satisfaire les besoins <br \/>\nde nos clients avec  pr\u00e9cision et fiabilit\u00e9.<br \/><\/h2>\t\t\t\t<\/div>\n\t\t\t\t<\/div>\n\t\t\t\t<\/div>\n\t\t<div class=\"elementor-element elementor-element-d708983 e-con-full e-flex e-con e-child\" data-id=\"d708983\" data-element_type=\"container\" data-settings=\"{&quot;background_background&quot;:&quot;classic&quot;}\">\n\t\t\t\t<\/div>\n\t\t\t\t<\/div>\n\t\t<div class=\"elementor-element elementor-element-23af646 e-con-full e-flex e-con e-parent\" data-id=\"23af646\" data-element_type=\"container\">\n\t\t<div class=\"elementor-element elementor-element-bc7bb1c e-con-full e-flex e-con e-child\" data-id=\"bc7bb1c\" data-element_type=\"container\" data-settings=\"{&quot;background_background&quot;:&quot;classic&quot;}\">\n\t\t\t\t<div class=\"elementor-element elementor-element-3cd3bbc elementor-widget-laptop__width-initial elementor-widget elementor-widget-heading\" data-id=\"3cd3bbc\" data-element_type=\"widget\" data-widget_type=\"heading.default\">\n\t\t\t\t<div class=\"elementor-widget-container\">\n\t\t\t\t\t<h2 class=\"elementor-heading-title elementor-size-default\">NOTRE MISSION <br \/>  <br \/>\nNotre mission est d'offrir \u00e0 nos clients des produits et services exceptionnels qui r\u00e9pondent \u00e0 leurs besoins tout en favorisant des relations solides et durables.  <br \/>  <br \/>Nous nous engageons envers la qualit\u00e9, l'accessibilit\u00e9 et la rentabilit\u00e9, nous permettant d'am\u00e9liorer continuellement et d'assurer la stabilit\u00e9 de notre entreprise.<\/h2>\t\t\t\t<\/div>\n\t\t\t\t<\/div>\n\t\t\t\t<\/div>\n\t\t<div class=\"elementor-element elementor-element-1d4fa2b e-con-full e-flex e-con e-child\" data-id=\"1d4fa2b\" data-element_type=\"container\">\n\t\t\t\t<div class=\"elementor-element elementor-element-d5acee3 elementor-widget elementor-widget-image\" data-id=\"d5acee3\" data-element_type=\"widget\" data-widget_type=\"image.default\">\n\t\t\t\t<div class=\"elementor-widget-container\">\n\t\t\t\t\t\t\t\t\t\t\t\t\t\t\t<img decoding=\"async\" src=\"https:\/\/www.frigair.com\/wp-content\/uploads\/elementor\/thumbs\/OE_Frigair-q0wenwglc4yyy39mw1nant1cwi7x6wxm854y2hg1sk.png\" title=\"OE_Frigair\" alt=\"OE_Frigair\" loading=\"lazy\" \/>\t\t\t\t\t\t\t\t\t\t\t\t\t\t\t<\/div>\n\t\t\t\t<\/div>\n\t\t\t\t<\/div>\n\t\t\t\t<\/div>\n\t\t<div class=\"elementor-element elementor-element-be874e9 e-con-full e-flex e-con e-parent\" data-id=\"be874e9\" data-element_type=\"container\">\n\t\t<div class=\"elementor-element elementor-element-92f3e7e e-con-full e-flex e-con e-child\" data-id=\"92f3e7e\" data-element_type=\"container\" data-settings=\"{&quot;background_background&quot;:&quot;classic&quot;}\">\n\t\t\t\t<div class=\"elementor-element elementor-element-9891d5f elementor-widget-laptop__width-initial elementor-widget elementor-widget-heading\" data-id=\"9891d5f\" data-element_type=\"widget\" data-widget_type=\"heading.default\">\n\t\t\t\t<div class=\"elementor-widget-container\">\n\t\t\t\t\t<h2 class=\"elementor-heading-title elementor-size-default\">NOTRE VISION <br \/>  <br \/>\nCultiver des relations clients durables et fiables \u00e0 l'\u00e9chelle mondiale. Nous nous effor\u00e7ons de favoriser une \"Culture FrigAir\" qui valorise notre personnel, garantissant leur croissance et leur alignement avec les valeurs de l'entreprise.  <br \/>  <br \/>Cette culture s'\u00e9tend \u00e0 la pr\u00e9servation d'un environnement durable pour nos collaborateurs et les g\u00e9n\u00e9rations futures.  <br \/>  <br \/>La sant\u00e9 financi\u00e8re de notre entreprise alimente cette vision, am\u00e9liorant \u00e0 la fois les moyens de subsistance des employ\u00e9s et les rendements des investisseurs.<\/h2>\t\t\t\t<\/div>\n\t\t\t\t<\/div>\n\t\t\t\t<\/div>\n\t\t<div class=\"elementor-element elementor-element-0e16dd5 e-con-full e-flex e-con e-child\" data-id=\"0e16dd5\" data-element_type=\"container\" data-settings=\"{&quot;background_background&quot;:&quot;classic&quot;}\">\n\t\t\t\t<\/div>\n\t\t\t\t<\/div>\n\t\t<div class=\"elementor-element elementor-element-8495184 e-flex e-con-boxed e-con e-parent\" data-id=\"8495184\" data-element_type=\"container\" data-settings=\"{&quot;background_background&quot;:&quot;classic&quot;}\">\n\t\t\t\t\t<div class=\"e-con-inner\">\n\t\t<div class=\"elementor-element elementor-element-4318e25 e-flex e-con-boxed e-con e-child\" data-id=\"4318e25\" data-element_type=\"container\" data-settings=\"{&quot;background_background&quot;:&quot;classic&quot;}\">\n\t\t\t\t\t<div class=\"e-con-inner\">\n\t\t\t\t<div class=\"elementor-element elementor-element-1aeaae9 elementor-widget elementor-widget-text-editor\" data-id=\"1aeaae9\" data-element_type=\"widget\" data-widget_type=\"text-editor.default\">\n\t\t\t\t<div class=\"elementor-widget-container\">\n\t\t\t\t\t\t\t\t\t<p>FrigAir signifie <strong>QUALIT\u00c9 et INNOVATION.<\/strong><\/p><p>Et aussi, <strong>CONFIANCE, car nous commercialisons des pi\u00e8ces OE<span class=\"Apple-converted-space\">\u00a0<\/span><\/strong><\/p><p><strong>(\u00e9quipement d\u2019origine) depuis 30 ans.<\/strong><\/p>\t\t\t\t\t\t\t\t<\/div>\n\t\t\t\t<\/div>\n\t\t\t\t\t<\/div>\n\t\t\t\t<\/div>\n\t\t\t\t\t<\/div>\n\t\t\t\t<\/div>\n\t\t<div class=\"elementor-element elementor-element-9754745 e-flex e-con-boxed e-con e-parent\" data-id=\"9754745\" data-element_type=\"container\" data-settings=\"{&quot;background_background&quot;:&quot;classic&quot;}\">\n\t\t\t\t\t<div class=\"e-con-inner\">\n\t\t<div class=\"elementor-element elementor-element-d1764f6 e-con-full e-flex e-con e-child\" data-id=\"d1764f6\" data-element_type=\"container\">\n\t\t\t\t<div class=\"elementor-element elementor-element-dc02d57 elementor-widget-laptop__width-initial elementor-widget elementor-widget-heading\" data-id=\"dc02d57\" data-element_type=\"widget\" data-widget_type=\"heading.default\">\n\t\t\t\t<div class=\"elementor-widget-container\">\n\t\t\t\t\t<h2 class=\"elementor-heading-title elementor-size-default\">CONNEXION<\/h2>\t\t\t\t<\/div>\n\t\t\t\t<\/div>\n\t\t\t\t<div class=\"elementor-element elementor-element-71576d0 elementor-widget elementor-widget-text-editor\" data-id=\"71576d0\" data-element_type=\"widget\" data-widget_type=\"text-editor.default\">\n\t\t\t\t<div class=\"elementor-widget-container\">\n\t\t\t\t\t\t\t\t\t<p>+70% de nos commandes sont en ligne.<\/p>\t\t\t\t\t\t\t\t<\/div>\n\t\t\t\t<\/div>\n\t\t\t\t<div class=\"elementor-element elementor-element-1d1a5c5 elementor-widget-laptop__width-initial elementor-widget elementor-widget-heading\" data-id=\"1d1a5c5\" data-element_type=\"widget\" data-widget_type=\"heading.default\">\n\t\t\t\t<div class=\"elementor-widget-container\">\n\t\t\t\t\t<h2 class=\"elementor-heading-title elementor-size-default\">ASSISTANCE 24 h\/7<\/h2>\t\t\t\t<\/div>\n\t\t\t\t<\/div>\n\t\t\t\t<div class=\"elementor-element elementor-element-55a4de6 elementor-widget elementor-widget-text-editor\" data-id=\"55a4de6\" data-element_type=\"widget\" data-widget_type=\"text-editor.default\">\n\t\t\t\t<div class=\"elementor-widget-container\">\n\t\t\t\t\t\t\t\t\t<p>Toutes les informations techniques de nos produits sont en ligne et fournissent des \u00e9l\u00e9ments de r\u00e9ponse imm\u00e9diats.<\/p>\t\t\t\t\t\t\t\t<\/div>\n\t\t\t\t<\/div>\n\t\t\t\t<\/div>\n\t\t<div class=\"elementor-element elementor-element-96193b9 e-con-full e-flex e-con e-child\" data-id=\"96193b9\" data-element_type=\"container\">\n\t\t\t\t<div class=\"elementor-element elementor-element-00905aa elementor-widget-laptop__width-initial elementor-widget elementor-widget-heading\" data-id=\"00905aa\" data-element_type=\"widget\" data-widget_type=\"heading.default\">\n\t\t\t\t<div class=\"elementor-widget-container\">\n\t\t\t\t\t<h2 class=\"elementor-heading-title elementor-size-default\">DURABILITE<\/h2>\t\t\t\t<\/div>\n\t\t\t\t<\/div>\n\t\t\t\t<div class=\"elementor-element elementor-element-f6ee3ec elementor-widget elementor-widget-text-editor\" data-id=\"f6ee3ec\" data-element_type=\"widget\" data-widget_type=\"text-editor.default\">\n\t\t\t\t<div class=\"elementor-widget-container\">\n\t\t\t\t\t\t\t\t\t<p>Nous nous engageons \u00e0 r\u00e9duire l\u2019impact environnemental de nos activit\u00e9s dans chaque.<\/p><p>Entreprise ou pays dans lesquels nous sommes impliqu\u00e9s. <\/p><p>Nous promouvons les concepts d\u2019\u00e9conomie circulaire dans la conception des produits et emballages.<\/p>\t\t\t\t\t\t\t\t<\/div>\n\t\t\t\t<\/div>\n\t\t\t\t<\/div>\n\t\t<div class=\"elementor-element elementor-element-d948d6a e-con-full e-flex e-con e-child\" data-id=\"d948d6a\" data-element_type=\"container\">\n\t\t\t\t<div class=\"elementor-element elementor-element-db49e52 elementor-widget elementor-widget-image\" data-id=\"db49e52\" data-element_type=\"widget\" data-widget_type=\"image.default\">\n\t\t\t\t<div class=\"elementor-widget-container\">\n\t\t\t\t\t\t\t\t\t\t\t\t\t\t\t<img fetchpriority=\"high\" decoding=\"async\" width=\"300\" height=\"225\" src=\"https:\/\/www.frigair.com\/wp-content\/uploads\/2023\/01\/Corporate_parts-300x225.png\" class=\"attachment-medium size-medium wp-image-4186\" alt=\"\" srcset=\"https:\/\/www.frigair.com\/wp-content\/uploads\/2023\/01\/Corporate_parts-300x225.png 300w, https:\/\/www.frigair.com\/wp-content\/uploads\/2023\/01\/Corporate_parts-768x576.png 768w, https:\/\/www.frigair.com\/wp-content\/uploads\/2023\/01\/Corporate_parts-600x450.png 600w, https:\/\/www.frigair.com\/wp-content\/uploads\/2023\/01\/Corporate_parts.png 1020w\" sizes=\"(max-width: 300px) 100vw, 300px\" \/>\t\t\t\t\t\t\t\t\t\t\t\t\t\t\t<\/div>\n\t\t\t\t<\/div>\n\t\t\t\t<div class=\"elementor-element elementor-element-ca441ef elementor-widget elementor-widget-text-editor\" data-id=\"ca441ef\" data-element_type=\"widget\" data-widget_type=\"text-editor.default\">\n\t\t\t\t<div class=\"elementor-widget-container\">\n\t\t\t\t\t\t\t\t\t<p>\u00a0Toute notre gamme de<strong> 940 compresseurs<\/strong> est r\u00e9alis\u00e9e en recyclant des composants <strong>OE usag\u00e9s<\/strong>, enti\u00e8rement restaur\u00e9s dans leurs conditions d\u2019origine, en utilisant des processus de production hautement avanc\u00e9s au niveau technologique et industriel.<\/p>\t\t\t\t\t\t\t\t<\/div>\n\t\t\t\t<\/div>\n\t\t\t\t<\/div>\n\t\t\t\t\t<\/div>\n\t\t\t\t<\/div>\n\t\t<div class=\"elementor-element elementor-element-3150194 e-flex e-con-boxed e-con e-parent\" data-id=\"3150194\" data-element_type=\"container\" data-settings=\"{&quot;background_background&quot;:&quot;classic&quot;}\">\n\t\t\t\t\t<div class=\"e-con-inner\">\n\t\t\t\t<div class=\"elementor-element elementor-element-d44cc64 elementor-widget elementor-widget-text-editor\" data-id=\"d44cc64\" data-element_type=\"widget\" data-widget_type=\"text-editor.default\">\n\t\t\t\t<div class=\"elementor-widget-container\">\n\t\t\t\t\t\t\t\t\t<p>\u00a0Mais surtout, <strong>FrigAir signifie ENGAGEMENT !<\/strong><\/p>\t\t\t\t\t\t\t\t<\/div>\n\t\t\t\t<\/div>\n\t\t\t\t<div class=\"elementor-element elementor-element-5e35637 elementor-widget elementor-widget-text-editor\" data-id=\"5e35637\" data-element_type=\"widget\" data-widget_type=\"text-editor.default\">\n\t\t\t\t<div class=\"elementor-widget-container\">\n\t\t\t\t\t\t\t\t\t<p><strong>Nos employ\u00e9s sont notre atout le plus pr\u00e9cieux<\/strong> parce qu\u2019ils travaillent chaque jour avec passion pour faire grandir l\u2019entreprise.<\/p>\t\t\t\t\t\t\t\t<\/div>\n\t\t\t\t<\/div>\n\t\t\t\t\t<\/div>\n\t\t\t\t<\/div>\n\t\t<div class=\"elementor-element elementor-element-7e238cb e-flex e-con-boxed e-con e-parent\" data-id=\"7e238cb\" data-element_type=\"container\" data-settings=\"{&quot;background_background&quot;:&quot;classic&quot;}\">\n\t\t\t\t\t<div class=\"e-con-inner\">\n\t\t<div class=\"elementor-element elementor-element-578bd5b e-con-full e-flex e-con e-child\" data-id=\"578bd5b\" data-element_type=\"container\" data-settings=\"{&quot;background_background&quot;:&quot;classic&quot;}\">\n\t\t\t\t<\/div>\n\t\t<div class=\"elementor-element elementor-element-ab9e79c e-con-full e-flex e-con e-child\" data-id=\"ab9e79c\" data-element_type=\"container\">\n\t\t<div class=\"elementor-element elementor-element-218f6595 e-con-full e-flex e-con e-child\" data-id=\"218f6595\" data-element_type=\"container\">\n\t\t<div class=\"elementor-element elementor-element-76a7f63 e-flex e-con-boxed e-con e-child\" data-id=\"76a7f63\" data-element_type=\"container\" data-settings=\"{&quot;background_background&quot;:&quot;classic&quot;}\">\n\t\t\t\t\t<div class=\"e-con-inner\">\n\t\t\t\t<div class=\"elementor-element elementor-element-22ddf39 elementor-widget elementor-widget-text-editor\" data-id=\"22ddf39\" data-element_type=\"widget\" data-widget_type=\"text-editor.default\">\n\t\t\t\t<div class=\"elementor-widget-container\">\n\t\t\t\t\t\t\t\t\t<p>Nous nous engageons \u00e0 nous d\u00e9passer en permanence, \u00e0 \u00eatre le partenaire privil\u00e9gi\u00e9 de nos clients, \u00e0 participer activement \u00e0 leur activit\u00e9 et \u00e0 leur faciliter la vie.<\/p>\t\t\t\t\t\t\t\t<\/div>\n\t\t\t\t<\/div>\n\t\t\t\t\t<\/div>\n\t\t\t\t<\/div>\n\t\t\t\t<div class=\"elementor-element elementor-element-c337d98 elementor-widget elementor-widget-text-editor\" data-id=\"c337d98\" data-element_type=\"widget\" data-widget_type=\"text-editor.default\">\n\t\t\t\t<div class=\"elementor-widget-container\">\n\t\t\t\t\t\t\t\t\t<p>Soutenir les nouvelles g\u00e9n\u00e9rations, encourager l\u2019innovation dans les universit\u00e9s et se pr\u00e9parer \u00e0 l\u2019avenir des v\u00e9hicules.<\/p>\t\t\t\t\t\t\t\t<\/div>\n\t\t\t\t<\/div>\n\t\t\t\t<\/div>\n\t\t\t\t<\/div>\n\t\t\t\t\t<\/div>\n\t\t\t\t<\/div>\n\t\t<div class=\"elementor-element elementor-element-7b93319b e-con-full e-flex e-con e-parent\" data-id=\"7b93319b\" data-element_type=\"container\" data-settings=\"{&quot;background_background&quot;:&quot;classic&quot;}\">\n\t\t<div class=\"elementor-element elementor-element-38cb9fcc e-con-full e-flex e-con e-child\" data-id=\"38cb9fcc\" data-element_type=\"container\">\n\t\t\t\t<div class=\"elementor-element elementor-element-3655500f elementor-widget__width-initial elementor-widget elementor-widget-heading\" data-id=\"3655500f\" data-element_type=\"widget\" data-widget_type=\"heading.default\">\n\t\t\t\t<div class=\"elementor-widget-container\">\n\t\t\t\t\t<h2 class=\"elementor-heading-title elementor-size-default\">SUIVEZ-NOUS <br \/>\nSUR LINKEDIN<\/h2>\t\t\t\t<\/div>\n\t\t\t\t<\/div>\n\t\t\t\t<\/div>\n\t\t<div class=\"elementor-element elementor-element-43fa33c1 e-con-full e-flex e-con e-child\" data-id=\"43fa33c1\" data-element_type=\"container\">\n\t\t\t\t<div class=\"elementor-element elementor-element-3c93728 elementor-widget elementor-widget-button\" data-id=\"3c93728\" data-element_type=\"widget\" data-widget_type=\"button.default\">\n\t\t\t\t<div class=\"elementor-widget-container\">\n\t\t\t\t\t\t\t\t\t<div class=\"elementor-button-wrapper\">\n\t\t\t\t\t<a class=\"elementor-button elementor-button-link elementor-size-xl\" href=\"https:\/\/www.linkedin.com\/company\/frigairgroup\/\" target=\"_blank\">\n\t\t\t\t\t\t<span class=\"elementor-button-content-wrapper\">\n\t\t\t\t\t\t<span class=\"elementor-button-icon\">\n\t\t\t\t<svg aria-hidden=\"true\" class=\"e-font-icon-svg e-fab-linkedin\" viewBox=\"0 0 448 512\" xmlns=\"http:\/\/www.w3.org\/2000\/svg\"><path d=\"M416 32H31.9C14.3 32 0 46.5 0 64.3v383.4C0 465.5 14.3 480 31.9 480H416c17.6 0 32-14.5 32-32.3V64.3c0-17.8-14.4-32.3-32-32.3zM135.4 416H69V202.2h66.5V416zm-33.2-243c-21.3 0-38.5-17.3-38.5-38.5S80.9 96 102.2 96c21.2 0 38.5 17.3 38.5 38.5 0 21.3-17.2 38.5-38.5 38.5zm282.1 243h-66.4V312c0-24.8-.5-56.7-34.5-56.7-34.6 0-39.9 27-39.9 54.9V416h-66.4V202.2h63.7v29.2h.9c8.9-16.8 30.6-34.5 62.9-34.5 67.2 0 79.7 44.3 79.7 101.9V416z\"><\/path><\/svg>\t\t\t<\/span>\n\t\t\t\t\t\t\t\t\t<span class=\"elementor-button-text\">Cliquez Ici!<\/span>\n\t\t\t\t\t<\/span>\n\t\t\t\t\t<\/a>\n\t\t\t\t<\/div>\n\t\t\t\t\t\t\t\t<\/div>\n\t\t\t\t<\/div>\n\t\t\t\t<\/div>\n\t\t<div class=\"elementor-element elementor-element-7478b9de e-con-full e-flex e-con e-child\" data-id=\"7478b9de\" data-element_type=\"container\">\n\t\t\t\t<div class=\"elementor-element elementor-element-17b4d496 elementor-widget elementor-widget-heading\" data-id=\"17b4d496\" data-element_type=\"widget\" data-widget_type=\"heading.default\">\n\t\t\t\t<div class=\"elementor-widget-container\">\n\t\t\t\t\t<h2 class=\"elementor-heading-title elementor-size-default\">YOUR<\/br>\nCOOLEST<\/br>\nSUPPLIER<\/h2>\t\t\t\t<\/div>\n\t\t\t\t<\/div>\n\t\t\t\t<\/div>\n\t\t\t\t<\/div>\n\t\t\t\t<\/div>\n\t\t","protected":false},"excerpt":{"rendered":"<p>\u00a0Aujourd\u2019hui, notre entreprise offre +10000\u00a0r\u00e9f\u00e9rences, distribue au niveau international des pi\u00e8ces de rechange pour le syst\u00e8me de refroidissement moteur\u00a0et les syst\u00e8mes A\/C pour voitures, camions et camionnettes. Avec plus de 20.000 m\u00b2 d&rsquo;espace entrep\u00f4t combin\u00e9 en Europe et deux fabricants pour satisfaire les besoins de nos clients avec pr\u00e9cision et fiabilit\u00e9. NOTRE MISSION Notre mission [&hellip;]<\/p>\n","protected":false},"author":1,"featured_media":0,"parent":0,"menu_order":0,"comment_status":"closed","ping_status":"closed","template":"","meta":{"_monsterinsights_skip_tracking":false,"_monsterinsights_sitenote_active":false,"_monsterinsights_sitenote_note":"","_monsterinsights_sitenote_category":0,"footnotes":""},"class_list":["post-7340","page","type-page","status-publish","hentry"],"aioseo_notices":[],"_links":{"self":[{"href":"https:\/\/www.frigair.com\/fr\/wp-json\/wp\/v2\/pages\/7340","targetHints":{"allow":["GET"]}}],"collection":[{"href":"https:\/\/www.frigair.com\/fr\/wp-json\/wp\/v2\/pages"}],"about":[{"href":"https:\/\/www.frigair.com\/fr\/wp-json\/wp\/v2\/types\/page"}],"author":[{"embeddable":true,"href":"https:\/\/www.frigair.com\/fr\/wp-json\/wp\/v2\/users\/1"}],"replies":[{"embeddable":true,"href":"https:\/\/www.frigair.com\/fr\/wp-json\/wp\/v2\/comments?post=7340"}],"version-history":[{"count":53,"href":"https:\/\/www.frigair.com\/fr\/wp-json\/wp\/v2\/pages\/7340\/revisions"}],"predecessor-version":[{"id":10602,"href":"https:\/\/www.frigair.com\/fr\/wp-json\/wp\/v2\/pages\/7340\/revisions\/10602"}],"wp:attachment":[{"href":"https:\/\/www.frigair.com\/fr\/wp-json\/wp\/v2\/media?parent=7340"}],"curies":[{"name":"wp","href":"https:\/\/api.w.org\/{rel}","templated":true}]}}