{"id":7284,"date":"2023-01-16T11:23:58","date_gmt":"2023-01-16T16:23:58","guid":{"rendered":"http:\/\/frigair.com\/?page_id=7284"},"modified":"2023-01-26T16:59:23","modified_gmt":"2023-01-26T21:59:23","slug":"thermique","status":"publish","type":"page","link":"https:\/\/www.frigair.com\/fr\/thermique\/","title":{"rendered":"THERMIQUE"},"content":{"rendered":"\t\t<div data-elementor-type=\"wp-page\" data-elementor-id=\"7284\" class=\"elementor elementor-7284 elementor-3571\" data-elementor-post-type=\"page\">\n\t\t\t\t<div class=\"elementor-element elementor-element-a8750f1 e-flex e-con-boxed e-con e-parent\" data-id=\"a8750f1\" data-element_type=\"container\">\n\t\t\t\t\t<div class=\"e-con-inner\">\n\t\t<div class=\"elementor-element elementor-element-7c7ceab e-con-full e-flex e-con e-parent\" data-id=\"7c7ceab\" data-element_type=\"container\">\n\t\t\t\t<div class=\"elementor-element elementor-element-63a3d44 elementor-widget elementor-widget-image\" data-id=\"63a3d44\" data-element_type=\"widget\" data-widget_type=\"image.default\">\n\t\t\t\t<div class=\"elementor-widget-container\">\n\t\t\t\t\t\t\t\t\t\t\t\t\t\t\t<img fetchpriority=\"high\" decoding=\"async\" width=\"800\" height=\"800\" src=\"https:\/\/www.frigair.com\/wp-content\/uploads\/2023\/01\/Category_HomeTHERMAL-3.jpg\" class=\"attachment-large size-large wp-image-5757\" alt=\"\" srcset=\"https:\/\/www.frigair.com\/wp-content\/uploads\/2023\/01\/Category_HomeTHERMAL-3.jpg 1024w, https:\/\/www.frigair.com\/wp-content\/uploads\/2023\/01\/Category_HomeTHERMAL-3-300x300.jpg 300w, https:\/\/www.frigair.com\/wp-content\/uploads\/2023\/01\/Category_HomeTHERMAL-3-150x150.jpg 150w, https:\/\/www.frigair.com\/wp-content\/uploads\/2023\/01\/Category_HomeTHERMAL-3-768x768.jpg 768w\" sizes=\"(max-width: 800px) 100vw, 800px\" \/>\t\t\t\t\t\t\t\t\t\t\t\t\t\t\t<\/div>\n\t\t\t\t<\/div>\n\t\t\t\t<\/div>\n\t\t<div class=\"elementor-element elementor-element-45ffc56 e-con-full e-flex e-con e-parent\" data-id=\"45ffc56\" data-element_type=\"container\">\n\t\t<div class=\"elementor-element elementor-element-d8be992 e-flex e-con-boxed e-con e-parent\" data-id=\"d8be992\" data-element_type=\"container\">\n\t\t\t\t\t<div class=\"e-con-inner\">\n\t\t\t\t<div class=\"elementor-element elementor-element-59e9805 elementor-widget elementor-widget-heading\" data-id=\"59e9805\" data-element_type=\"widget\" data-widget_type=\"heading.default\">\n\t\t\t\t<div class=\"elementor-widget-container\">\n\t\t\t\t\t<h2 class=\"elementor-heading-title elementor-size-default\">THERMIQUE<\/h2>\t\t\t\t<\/div>\n\t\t\t\t<\/div>\n\t\t\t\t<div class=\"elementor-element elementor-element-1a6acf2 elementor-widget-divider--view-line elementor-widget elementor-widget-divider\" data-id=\"1a6acf2\" data-element_type=\"widget\" data-widget_type=\"divider.default\">\n\t\t\t\t<div class=\"elementor-widget-container\">\n\t\t\t\t\t\t\t<div class=\"elementor-divider\">\n\t\t\t<span class=\"elementor-divider-separator\">\n\t\t\t\t\t\t<\/span>\n\t\t<\/div>\n\t\t\t\t\t\t<\/div>\n\t\t\t\t<\/div>\n\t\t\t\t<div class=\"elementor-element elementor-element-7f3db0a4 elementor-widget elementor-widget-text-editor\" data-id=\"7f3db0a4\" data-element_type=\"widget\" data-widget_type=\"text-editor.default\">\n\t\t\t\t<div class=\"elementor-widget-container\">\n\t\t\t\t\t\t\t\t\t<p>RADIATEURS<\/p>\t\t\t\t\t\t\t\t<\/div>\n\t\t\t\t<\/div>\n\t\t\t\t<div class=\"elementor-element elementor-element-e64fdad elementor-widget elementor-widget-text-editor\" data-id=\"e64fdad\" data-element_type=\"widget\" data-widget_type=\"text-editor.default\">\n\t\t\t\t<div class=\"elementor-widget-container\">\n\t\t\t\t\t\t\t\t\t<p>Les radiateurs sont les \u00e9l\u00e9ments les plus importants du syst\u00e8me de refroidissement du moteur, ils sont essentiels au bon fonctionnement du v\u00e9hicule et ils n\u00e9cessitent un entretien constant.<\/p><p>Les radiateurs sont le c\u0153ur de m\u00e9tier FrigAir, depuis notre catalogue, il y a diff\u00e9rentes r\u00e9f\u00e9rences faites avec diverses technologies constructives, aluminium bras\u00e9 ou aluminium m\u00e9canique.<\/p><p>La collaboration \u00e9troite avec nos usines et les principaux fabricants de l\u2019entreprise nous aident \u00e0 garantir la qualit\u00e9 des produits.<\/p><p>Notre gamme de radiateurs est compos\u00e9e de plus de 1.600 r\u00e9f\u00e9rences, presque 80% des v\u00e9hicules.<\/p><p>Produits pour voitures particuli\u00e8res (VE inclus), fourgonnettes, camions, autobus, machines agricoles et de terrassement.<\/p>\t\t\t\t\t\t\t\t<\/div>\n\t\t\t\t<\/div>\n\t\t\t\t\t<\/div>\n\t\t\t\t<\/div>\n\t\t\t\t<\/div>\n\t\t\t\t\t<\/div>\n\t\t\t\t<\/div>\n\t\t<div class=\"elementor-element elementor-element-6ac0b21 e-flex e-con-boxed e-con e-parent\" data-id=\"6ac0b21\" data-element_type=\"container\">\n\t\t\t\t\t<div class=\"e-con-inner\">\n\t\t<div class=\"elementor-element elementor-element-892c5fe e-con-full e-flex e-con e-parent\" data-id=\"892c5fe\" data-element_type=\"container\">\n\t\t<div class=\"elementor-element elementor-element-d87995f e-flex e-con-boxed e-con e-parent\" data-id=\"d87995f\" data-element_type=\"container\">\n\t\t\t\t\t<div class=\"e-con-inner\">\n\t\t\t\t<div class=\"elementor-element elementor-element-b1404e8 elementor-widget elementor-widget-text-editor\" data-id=\"b1404e8\" data-element_type=\"widget\" data-widget_type=\"text-editor.default\">\n\t\t\t\t<div class=\"elementor-widget-container\">\n\t\t\t\t\t\t\t\t\t<p>REFROIDISSEURS D\u2019HUILE\/ OILCOOLERS<\/p>\t\t\t\t\t\t\t\t<\/div>\n\t\t\t\t<\/div>\n\t\t\t\t<div class=\"elementor-element elementor-element-33d94c7 elementor-widget elementor-widget-text-editor\" data-id=\"33d94c7\" data-element_type=\"widget\" data-widget_type=\"text-editor.default\">\n\t\t\t\t<div class=\"elementor-widget-container\">\n\t\t\t\t\t\t\t\t\t<p>Les refroidisseurs d\u2019huile maintiennent une temp\u00e9rature d\u2019huile appropri\u00e9e, ce qui est important non seulement pour maintenir l\u2019huile \u00e0 son bon \u00e9tat de lubrification, mais aussi pour aider le radiateur \u00e0 garder le moteur froid.<\/p><p>Les refroidisseurs d\u2019huile sont un outil important et n\u00e9cessitent un entretien appropri\u00e9.<\/p><p>Nous avons presque 200 refroidisseurs d\u2019huile dans notre catalogue, pour le moteur et la transmission, pour les voitures et les v\u00e9hicules utilitaires.<\/p><p>La plupart de ces produits ont un kit d\u2019installation, avec les O&rsquo;Rings (joints toriques)<\/p>\t\t\t\t\t\t\t\t<\/div>\n\t\t\t\t<\/div>\n\t\t\t\t\t<\/div>\n\t\t\t\t<\/div>\n\t\t\t\t<\/div>\n\t\t<div class=\"elementor-element elementor-element-0b1dddc e-con-full e-flex e-con e-parent\" data-id=\"0b1dddc\" data-element_type=\"container\">\n\t\t\t\t<div class=\"elementor-element elementor-element-bbf3c56 elementor-widget elementor-widget-image\" data-id=\"bbf3c56\" data-element_type=\"widget\" data-widget_type=\"image.default\">\n\t\t\t\t<div class=\"elementor-widget-container\">\n\t\t\t\t\t\t\t\t\t\t\t\t\t\t\t<img decoding=\"async\" width=\"800\" height=\"534\" src=\"https:\/\/www.frigair.com\/wp-content\/uploads\/2023\/01\/oilcooler-vansOK-1024x683.jpg\" class=\"attachment-large size-large wp-image-3866\" alt=\"\" srcset=\"https:\/\/www.frigair.com\/wp-content\/uploads\/2023\/01\/oilcooler-vansOK-1024x683.jpg 1024w, https:\/\/www.frigair.com\/wp-content\/uploads\/2023\/01\/oilcooler-vansOK-300x200.jpg 300w, https:\/\/www.frigair.com\/wp-content\/uploads\/2023\/01\/oilcooler-vansOK-768x512.jpg 768w, https:\/\/www.frigair.com\/wp-content\/uploads\/2023\/01\/oilcooler-vansOK-1536x1024.jpg 1536w, https:\/\/www.frigair.com\/wp-content\/uploads\/2023\/01\/oilcooler-vansOK-2048x1365.jpg 2048w\" sizes=\"(max-width: 800px) 100vw, 800px\" \/>\t\t\t\t\t\t\t\t\t\t\t\t\t\t\t<\/div>\n\t\t\t\t<\/div>\n\t\t\t\t<\/div>\n\t\t\t\t\t<\/div>\n\t\t\t\t<\/div>\n\t\t<div class=\"elementor-element elementor-element-e688fec e-flex e-con-boxed e-con e-parent\" data-id=\"e688fec\" data-element_type=\"container\">\n\t\t\t\t\t<div class=\"e-con-inner\">\n\t\t<div class=\"elementor-element elementor-element-57aa2abe animated-slow e-con-full e-flex elementor-invisible e-con e-parent\" data-id=\"57aa2abe\" data-element_type=\"container\" data-settings=\"{&quot;animation&quot;:&quot;fadeInUp&quot;,&quot;animation_delay&quot;:150}\">\n\t\t\t\t<div class=\"elementor-element elementor-element-0b0f4f9 elementor-widget elementor-widget-image\" data-id=\"0b0f4f9\" data-element_type=\"widget\" data-widget_type=\"image.default\">\n\t\t\t\t<div class=\"elementor-widget-container\">\n\t\t\t\t\t\t\t\t\t\t\t\t\t\t\t<img decoding=\"async\" width=\"800\" height=\"551\" src=\"https:\/\/www.frigair.com\/wp-content\/uploads\/2023\/01\/Thermal-Products_1-1024x705.jpg\" class=\"attachment-large size-large wp-image-3921\" alt=\"\" srcset=\"https:\/\/www.frigair.com\/wp-content\/uploads\/2023\/01\/Thermal-Products_1-1024x705.jpg 1024w, https:\/\/www.frigair.com\/wp-content\/uploads\/2023\/01\/Thermal-Products_1-300x207.jpg 300w, https:\/\/www.frigair.com\/wp-content\/uploads\/2023\/01\/Thermal-Products_1-768x529.jpg 768w, https:\/\/www.frigair.com\/wp-content\/uploads\/2023\/01\/Thermal-Products_1-320x220.jpg 320w, https:\/\/www.frigair.com\/wp-content\/uploads\/2023\/01\/Thermal-Products_1.jpg 1407w\" sizes=\"(max-width: 800px) 100vw, 800px\" \/>\t\t\t\t\t\t\t\t\t\t\t\t\t\t\t<\/div>\n\t\t\t\t<\/div>\n\t\t\t\t<div class=\"elementor-element elementor-element-72e64c6 elementor-widget elementor-widget-text-editor\" data-id=\"72e64c6\" data-element_type=\"widget\" data-widget_type=\"text-editor.default\">\n\t\t\t\t<div class=\"elementor-widget-container\">\n\t\t\t\t\t\t\t\t\t<p>INTERCOOLERS<\/p>\t\t\t\t\t\t\t\t<\/div>\n\t\t\t\t<\/div>\n\t\t\t\t<div class=\"elementor-element elementor-element-c97562d elementor-widget elementor-widget-text-editor\" data-id=\"c97562d\" data-element_type=\"widget\" data-widget_type=\"text-editor.default\">\n\t\t\t\t<div class=\"elementor-widget-container\">\n\t\t\t\t\t\t\t\t\t<p>Gamme compl\u00e8te de refroidisseurs pour voitures particuli\u00e8res, camionnettes, camions, bus, nous \u00e9largissons notre offre pour les machines agricoles et de terrasement<\/p>\t\t\t\t\t\t\t\t<\/div>\n\t\t\t\t<\/div>\n\t\t\t\t<\/div>\n\t\t<div class=\"elementor-element elementor-element-71f38066 animated-slow e-con-full e-flex elementor-invisible e-con e-parent\" data-id=\"71f38066\" data-element_type=\"container\" data-settings=\"{&quot;animation&quot;:&quot;fadeInUp&quot;,&quot;animation_delay&quot;:150}\">\n\t\t\t\t<div class=\"elementor-element elementor-element-beb88da elementor-widget elementor-widget-image\" data-id=\"beb88da\" data-element_type=\"widget\" data-widget_type=\"image.default\">\n\t\t\t\t<div class=\"elementor-widget-container\">\n\t\t\t\t\t\t\t\t\t\t\t\t\t\t\t<img loading=\"lazy\" decoding=\"async\" width=\"800\" height=\"551\" src=\"https:\/\/www.frigair.com\/wp-content\/uploads\/2023\/01\/Thermal-Products_1-1-1024x705.jpg\" class=\"attachment-large size-large wp-image-3916\" alt=\"\" srcset=\"https:\/\/www.frigair.com\/wp-content\/uploads\/2023\/01\/Thermal-Products_1-1-1024x705.jpg 1024w, https:\/\/www.frigair.com\/wp-content\/uploads\/2023\/01\/Thermal-Products_1-1-300x207.jpg 300w, https:\/\/www.frigair.com\/wp-content\/uploads\/2023\/01\/Thermal-Products_1-1-768x529.jpg 768w, https:\/\/www.frigair.com\/wp-content\/uploads\/2023\/01\/Thermal-Products_1-1-320x220.jpg 320w, https:\/\/www.frigair.com\/wp-content\/uploads\/2023\/01\/Thermal-Products_1-1.jpg 1407w\" sizes=\"(max-width: 800px) 100vw, 800px\" \/>\t\t\t\t\t\t\t\t\t\t\t\t\t\t\t<\/div>\n\t\t\t\t<\/div>\n\t\t\t\t<div class=\"elementor-element elementor-element-6d61e34 elementor-widget elementor-widget-text-editor\" data-id=\"6d61e34\" data-element_type=\"widget\" data-widget_type=\"text-editor.default\">\n\t\t\t\t<div class=\"elementor-widget-container\">\n\t\t\t\t\t\t\t\t\t<p>ANTIGEL<\/p>\t\t\t\t\t\t\t\t<\/div>\n\t\t\t\t<\/div>\n\t\t\t\t<div class=\"elementor-element elementor-element-244923d elementor-widget elementor-widget-text-editor\" data-id=\"244923d\" data-element_type=\"widget\" data-widget_type=\"text-editor.default\">\n\t\t\t\t<div class=\"elementor-widget-container\">\n\t\t\t\t\t\t\t\t\t<p>Notre gamme de liquides antigel est con\u00e7ue pour convenir \u00e0 tous les types de v\u00e9hicules, y compris les v\u00e9hicules hybrides et \u00e9lectriques.<\/p>\t\t\t\t\t\t\t\t<\/div>\n\t\t\t\t<\/div>\n\t\t\t\t<\/div>\n\t\t\t\t\t<\/div>\n\t\t\t\t<\/div>\n\t\t<div class=\"elementor-element elementor-element-d1fa937 e-flex e-con-boxed e-con e-parent\" data-id=\"d1fa937\" data-element_type=\"container\">\n\t\t\t\t\t<div class=\"e-con-inner\">\n\t\t<div class=\"elementor-element elementor-element-f743e21 e-con-full e-flex e-con e-parent\" data-id=\"f743e21\" data-element_type=\"container\">\n\t\t\t\t<div class=\"elementor-element elementor-element-f1950a7 elementor-widget elementor-widget-image-carousel\" data-id=\"f1950a7\" data-element_type=\"widget\" data-settings=\"{&quot;slides_to_show&quot;:&quot;1&quot;,&quot;navigation&quot;:&quot;none&quot;,&quot;autoplay_speed&quot;:3500,&quot;autoplay&quot;:&quot;yes&quot;,&quot;pause_on_hover&quot;:&quot;yes&quot;,&quot;pause_on_interaction&quot;:&quot;yes&quot;,&quot;infinite&quot;:&quot;yes&quot;,&quot;effect&quot;:&quot;slide&quot;,&quot;speed&quot;:500}\" data-widget_type=\"image-carousel.default\">\n\t\t\t\t<div class=\"elementor-widget-container\">\n\t\t\t\t\t\t\t<div class=\"elementor-image-carousel-wrapper swiper\" role=\"region\" aria-roledescription=\"carousel\" aria-label=\"Carrousel d\u2019images\" dir=\"ltr\">\n\t\t\t<div class=\"elementor-image-carousel swiper-wrapper\" aria-live=\"off\">\n\t\t\t\t\t\t\t\t<div class=\"swiper-slide\" role=\"group\" aria-roledescription=\"slide\" aria-label=\"1 sur 2\"><figure class=\"swiper-slide-inner\"><img decoding=\"async\" class=\"swiper-slide-image\" src=\"https:\/\/www.frigair.com\/wp-content\/uploads\/2023\/01\/expansion-tankOk-600x450.jpg\" alt=\"expansion-tankOk\" \/><\/figure><\/div><div class=\"swiper-slide\" role=\"group\" aria-roledescription=\"slide\" aria-label=\"2 sur 2\"><figure class=\"swiper-slide-inner\"><img decoding=\"async\" class=\"swiper-slide-image\" src=\"https:\/\/www.frigair.com\/wp-content\/uploads\/2023\/01\/tappi-radiatoreOK-600x450.jpg\" alt=\"tappi-radiatoreOK\" \/><\/figure><\/div>\t\t\t<\/div>\n\t\t\t\t\t\t\t\n\t\t\t\t\t\t\t\t\t<\/div>\n\t\t\t\t\t\t<\/div>\n\t\t\t\t<\/div>\n\t\t\t\t<\/div>\n\t\t<div class=\"elementor-element elementor-element-30aebf1 e-con-full e-flex e-con e-parent\" data-id=\"30aebf1\" data-element_type=\"container\">\n\t\t<div class=\"elementor-element elementor-element-0aae38e e-flex e-con-boxed e-con e-parent\" data-id=\"0aae38e\" data-element_type=\"container\">\n\t\t\t\t\t<div class=\"e-con-inner\">\n\t\t\t\t<div class=\"elementor-element elementor-element-94de8f7 elementor-widget elementor-widget-text-editor\" data-id=\"94de8f7\" data-element_type=\"widget\" data-widget_type=\"text-editor.default\">\n\t\t\t\t<div class=\"elementor-widget-container\">\n\t\t\t\t\t\t\t\t\t<p>AUTRES PRODUITS THERMIQUES<\/p>\t\t\t\t\t\t\t\t<\/div>\n\t\t\t\t<\/div>\n\t\t\t\t<div class=\"elementor-element elementor-element-ba609e9 elementor-widget elementor-widget-text-editor\" data-id=\"ba609e9\" data-element_type=\"widget\" data-widget_type=\"text-editor.default\">\n\t\t\t\t<div class=\"elementor-widget-container\">\n\t\t\t\t\t\t\t\t\t<p>Most of these products have an installation kit, with the o\u2019rings.<\/p>\t\t\t\t\t\t\t\t<\/div>\n\t\t\t\t<\/div>\n\t\t\t\t<div class=\"elementor-element elementor-element-5d46529 elementor-icon-list--layout-traditional elementor-list-item-link-full_width elementor-widget elementor-widget-icon-list\" data-id=\"5d46529\" data-element_type=\"widget\" data-widget_type=\"icon-list.default\">\n\t\t\t\t<div class=\"elementor-widget-container\">\n\t\t\t\t\t\t\t<ul class=\"elementor-icon-list-items\">\n\t\t\t\t\t\t\t<li class=\"elementor-icon-list-item\">\n\t\t\t\t\t\t\t\t\t\t\t<span class=\"elementor-icon-list-icon\">\n\t\t\t\t\t\t\t<svg aria-hidden=\"true\" class=\"e-font-icon-svg e-fas-circle\" viewBox=\"0 0 512 512\" xmlns=\"http:\/\/www.w3.org\/2000\/svg\"><path d=\"M256 8C119 8 8 119 8 256s111 248 248 248 248-111 248-248S393 8 256 8z\"><\/path><\/svg>\t\t\t\t\t\t<\/span>\n\t\t\t\t\t\t\t\t\t\t<span class=\"elementor-icon-list-text\">R\u00e9servoir d\u2019expansion<\/span>\n\t\t\t\t\t\t\t\t\t<\/li>\n\t\t\t\t\t\t\t\t<li class=\"elementor-icon-list-item\">\n\t\t\t\t\t\t\t\t\t\t\t<span class=\"elementor-icon-list-icon\">\n\t\t\t\t\t\t\t<svg aria-hidden=\"true\" class=\"e-font-icon-svg e-fas-circle\" viewBox=\"0 0 512 512\" xmlns=\"http:\/\/www.w3.org\/2000\/svg\"><path d=\"M256 8C119 8 8 119 8 256s111 248 248 248 248-111 248-248S393 8 256 8z\"><\/path><\/svg>\t\t\t\t\t\t<\/span>\n\t\t\t\t\t\t\t\t\t\t<span class=\"elementor-icon-list-text\">R\u00e9servoirs d\u2019expansion pour camions<\/span>\n\t\t\t\t\t\t\t\t\t<\/li>\n\t\t\t\t\t\t\t\t<li class=\"elementor-icon-list-item\">\n\t\t\t\t\t\t\t\t\t\t\t<span class=\"elementor-icon-list-icon\">\n\t\t\t\t\t\t\t<svg aria-hidden=\"true\" class=\"e-font-icon-svg e-fas-circle\" viewBox=\"0 0 512 512\" xmlns=\"http:\/\/www.w3.org\/2000\/svg\"><path d=\"M256 8C119 8 8 119 8 256s111 248 248 248 248-111 248-248S393 8 256 8z\"><\/path><\/svg>\t\t\t\t\t\t<\/span>\n\t\t\t\t\t\t\t\t\t\t<span class=\"elementor-icon-list-text\">Bouchons de radiateur<\/span>\n\t\t\t\t\t\t\t\t\t<\/li>\n\t\t\t\t\t\t\t\t<li class=\"elementor-icon-list-item\">\n\t\t\t\t\t\t\t\t\t\t\t<span class=\"elementor-icon-list-icon\">\n\t\t\t\t\t\t\t<svg aria-hidden=\"true\" class=\"e-font-icon-svg e-fas-circle\" viewBox=\"0 0 512 512\" xmlns=\"http:\/\/www.w3.org\/2000\/svg\"><path d=\"M256 8C119 8 8 119 8 256s111 248 248 248 248-111 248-248S393 8 256 8z\"><\/path><\/svg>\t\t\t\t\t\t<\/span>\n\t\t\t\t\t\t\t\t\t\t<span class=\"elementor-icon-list-text\">Thermostats<\/span>\n\t\t\t\t\t\t\t\t\t<\/li>\n\t\t\t\t\t\t\t\t<li class=\"elementor-icon-list-item\">\n\t\t\t\t\t\t\t\t\t\t\t<span class=\"elementor-icon-list-icon\">\n\t\t\t\t\t\t\t<svg aria-hidden=\"true\" class=\"e-font-icon-svg e-fas-circle\" viewBox=\"0 0 512 512\" xmlns=\"http:\/\/www.w3.org\/2000\/svg\"><path d=\"M256 8C119 8 8 119 8 256s111 248 248 248 248-111 248-248S393 8 256 8z\"><\/path><\/svg>\t\t\t\t\t\t<\/span>\n\t\t\t\t\t\t\t\t\t\t<span class=\"elementor-icon-list-text\">Accessoires thermiques<\/span>\n\t\t\t\t\t\t\t\t\t<\/li>\n\t\t\t\t\t\t<\/ul>\n\t\t\t\t\t\t<\/div>\n\t\t\t\t<\/div>\n\t\t\t\t\t<\/div>\n\t\t\t\t<\/div>\n\t\t\t\t<\/div>\n\t\t\t\t\t<\/div>\n\t\t\t\t<\/div>\n\t\t\t\t<\/div>\n\t\t","protected":false},"excerpt":{"rendered":"<p>THERMIQUE RADIATEURS Les radiateurs sont les \u00e9l\u00e9ments les plus importants du syst\u00e8me de refroidissement du moteur, ils sont essentiels au bon fonctionnement du v\u00e9hicule et ils n\u00e9cessitent un entretien constant. Les radiateurs sont le c\u0153ur de m\u00e9tier FrigAir, depuis notre catalogue, il y a diff\u00e9rentes r\u00e9f\u00e9rences faites avec diverses technologies constructives, aluminium bras\u00e9 ou aluminium [&hellip;]<\/p>\n","protected":false},"author":1,"featured_media":0,"parent":0,"menu_order":0,"comment_status":"closed","ping_status":"closed","template":"","meta":{"_monsterinsights_skip_tracking":false,"_monsterinsights_sitenote_active":false,"_monsterinsights_sitenote_note":"","_monsterinsights_sitenote_category":0,"footnotes":""},"class_list":["post-7284","page","type-page","status-publish","hentry"],"aioseo_notices":[],"_links":{"self":[{"href":"https:\/\/www.frigair.com\/fr\/wp-json\/wp\/v2\/pages\/7284","targetHints":{"allow":["GET"]}}],"collection":[{"href":"https:\/\/www.frigair.com\/fr\/wp-json\/wp\/v2\/pages"}],"about":[{"href":"https:\/\/www.frigair.com\/fr\/wp-json\/wp\/v2\/types\/page"}],"author":[{"embeddable":true,"href":"https:\/\/www.frigair.com\/fr\/wp-json\/wp\/v2\/users\/1"}],"replies":[{"embeddable":true,"href":"https:\/\/www.frigair.com\/fr\/wp-json\/wp\/v2\/comments?post=7284"}],"version-history":[{"count":4,"href":"https:\/\/www.frigair.com\/fr\/wp-json\/wp\/v2\/pages\/7284\/revisions"}],"predecessor-version":[{"id":7298,"href":"https:\/\/www.frigair.com\/fr\/wp-json\/wp\/v2\/pages\/7284\/revisions\/7298"}],"wp:attachment":[{"href":"https:\/\/www.frigair.com\/fr\/wp-json\/wp\/v2\/media?parent=7284"}],"curies":[{"name":"wp","href":"https:\/\/api.w.org\/{rel}","templated":true}]}}