{"id":7188,"date":"2022-03-14T14:15:40","date_gmt":"2022-03-14T18:15:40","guid":{"rendered":"http:\/\/frigair.com\/?page_id=7188"},"modified":"2025-10-15T08:56:51","modified_gmt":"2025-10-15T12:56:51","slug":"corporativo","status":"publish","type":"page","link":"https:\/\/www.frigair.com\/es\/corporativo\/","title":{"rendered":"CORPORATIVO"},"content":{"rendered":"\t\t<div data-elementor-type=\"wp-page\" data-elementor-id=\"7188\" class=\"elementor elementor-7188 elementor-917\" data-elementor-post-type=\"page\">\n\t\t\t\t<div class=\"elementor-element elementor-element-4cf808d e-con-full e-flex e-con e-parent\" data-id=\"4cf808d\" data-element_type=\"container\">\n\t\t\t\t<\/div>\n\t\t<div class=\"elementor-element elementor-element-ce09867 e-flex e-con-boxed e-con e-parent\" data-id=\"ce09867\" data-element_type=\"container\" data-settings=\"{&quot;background_background&quot;:&quot;classic&quot;}\">\n\t\t\t\t\t<div class=\"e-con-inner\">\n\t\t<div class=\"elementor-element elementor-element-d3fa4ad e-flex e-con-boxed e-con e-child\" data-id=\"d3fa4ad\" data-element_type=\"container\" data-settings=\"{&quot;background_background&quot;:&quot;classic&quot;}\">\n\t\t\t\t\t<div class=\"e-con-inner\">\n\t\t\t\t<div class=\"elementor-element elementor-element-1170daa elementor-widget elementor-widget-text-editor\" data-id=\"1170daa\" data-element_type=\"widget\" data-widget_type=\"text-editor.default\">\n\t\t\t\t<div class=\"elementor-widget-container\">\n\t\t\t\t\t\t\t\t\t<p>A d\u00eda de hoy, nuestra empresa ofrece +10.000 referencias, distribuyendo a nivel internacional repuestos para sistemas de refrigeraci\u00f3n de motores y sistemas de A\/C para turismos, camiones y furgonetas.<\/p>\t\t\t\t\t\t\t\t<\/div>\n\t\t\t\t<\/div>\n\t\t\t\t\t<\/div>\n\t\t\t\t<\/div>\n\t\t\t\t\t<\/div>\n\t\t\t\t<\/div>\n\t\t<div class=\"elementor-element elementor-element-5c7f152 e-con-full e-flex e-con e-parent\" data-id=\"5c7f152\" data-element_type=\"container\" data-settings=\"{&quot;background_background&quot;:&quot;classic&quot;}\">\n\t\t<div class=\"elementor-element elementor-element-1947e3f e-con-full e-flex e-con e-child\" data-id=\"1947e3f\" data-element_type=\"container\">\n\t\t\t\t<div class=\"elementor-element elementor-element-f2684ca elementor-widget-laptop__width-initial elementor-widget elementor-widget-heading\" data-id=\"f2684ca\" data-element_type=\"widget\" data-widget_type=\"heading.default\">\n\t\t\t\t<div class=\"elementor-widget-container\">\n\t\t\t\t\t<h2 class=\"elementor-heading-title elementor-size-default\">\n\nCon m\u00e1s de 20.000 m2 de espacio <br \/>\nde almac\u00e9n combinado en Europa<br \/>\ny dos fabricantes para satisfacer las <br \/>\nnecesidades de nuestros clientes <br \/> \ncon precisi\u00f3n y fiabilidad.\n<\/h2>\t\t\t\t<\/div>\n\t\t\t\t<\/div>\n\t\t\t\t<\/div>\n\t\t<div class=\"elementor-element elementor-element-d708983 e-con-full e-flex e-con e-child\" data-id=\"d708983\" data-element_type=\"container\" data-settings=\"{&quot;background_background&quot;:&quot;classic&quot;}\">\n\t\t\t\t<\/div>\n\t\t\t\t<\/div>\n\t\t<div class=\"elementor-element elementor-element-23af646 e-con-full e-flex e-con e-parent\" data-id=\"23af646\" data-element_type=\"container\">\n\t\t<div class=\"elementor-element elementor-element-bc7bb1c e-con-full e-flex e-con e-child\" data-id=\"bc7bb1c\" data-element_type=\"container\" data-settings=\"{&quot;background_background&quot;:&quot;classic&quot;}\">\n\t\t\t\t<div class=\"elementor-element elementor-element-3cd3bbc elementor-widget-laptop__width-initial elementor-widget elementor-widget-heading\" data-id=\"3cd3bbc\" data-element_type=\"widget\" data-widget_type=\"heading.default\">\n\t\t\t\t<div class=\"elementor-widget-container\">\n\t\t\t\t\t<h2 class=\"elementor-heading-title elementor-size-default\">NUESTRA MISION <br \/>  <br \/> Nuestra misi\u00f3n es proporcionar a nuestros clientes productos y servicios excepcionales que satisfagan sus necesidades y al mismo tiempo fomenten relaciones s\u00f3lidas y duraderas. <br \/>  <br \/>Estamos comprometidos con la calidad, la accesibilidad y la rentabilidad, lo que nos permite mejorar continuamente y garantizar la estabilidad de nuestro negocio. \n<\/h2>\t\t\t\t<\/div>\n\t\t\t\t<\/div>\n\t\t\t\t<\/div>\n\t\t<div class=\"elementor-element elementor-element-1d4fa2b e-con-full e-flex e-con e-child\" data-id=\"1d4fa2b\" data-element_type=\"container\">\n\t\t\t\t<div class=\"elementor-element elementor-element-d5acee3 elementor-widget elementor-widget-image\" data-id=\"d5acee3\" data-element_type=\"widget\" data-widget_type=\"image.default\">\n\t\t\t\t<div class=\"elementor-widget-container\">\n\t\t\t\t\t\t\t\t\t\t\t\t\t\t\t<img decoding=\"async\" src=\"https:\/\/www.frigair.com\/wp-content\/uploads\/elementor\/thumbs\/OE_Frigair-q0wenwglc4yyy39mw1nant1cwi7x6wxm854y2hg1sk.png\" title=\"OE_Frigair\" alt=\"OE_Frigair\" loading=\"lazy\" \/>\t\t\t\t\t\t\t\t\t\t\t\t\t\t\t<\/div>\n\t\t\t\t<\/div>\n\t\t\t\t<\/div>\n\t\t\t\t<\/div>\n\t\t<div class=\"elementor-element elementor-element-be874e9 e-con-full e-flex e-con e-parent\" data-id=\"be874e9\" data-element_type=\"container\">\n\t\t<div class=\"elementor-element elementor-element-92f3e7e e-con-full e-flex e-con e-child\" data-id=\"92f3e7e\" data-element_type=\"container\" data-settings=\"{&quot;background_background&quot;:&quot;classic&quot;}\">\n\t\t\t\t<div class=\"elementor-element elementor-element-9891d5f elementor-widget-laptop__width-initial elementor-widget elementor-widget-heading\" data-id=\"9891d5f\" data-element_type=\"widget\" data-widget_type=\"heading.default\">\n\t\t\t\t<div class=\"elementor-widget-container\">\n\t\t\t\t\t<h2 class=\"elementor-heading-title elementor-size-default\">NUESTRA VISION <br \/>  <br \/> Cultivar relaciones globales duraderas y confiables con nuestros clientes. Nos esforzamos por fomentar una 'Cultura FrigAir' que empodere a nuestra fuerza laboral, garantizando su crecimiento y alineaci\u00f3n con los valores de la empresa.  <br \/>  <br \/> Esta cultura tambi\u00e9n se extiende a la preservaci\u00f3n de un entorno sostenible para nuestra gente y las futuras generaciones.  <br \/>  <br \/> La salud financiera de nuestra empresa impulsa esta visi\u00f3n, mejorando tanto los medios de vida de los empleados como los rendimientos de los inversores.<\/h2>\t\t\t\t<\/div>\n\t\t\t\t<\/div>\n\t\t\t\t<\/div>\n\t\t<div class=\"elementor-element elementor-element-0e16dd5 e-con-full e-flex e-con e-child\" data-id=\"0e16dd5\" data-element_type=\"container\" data-settings=\"{&quot;background_background&quot;:&quot;classic&quot;}\">\n\t\t\t\t<\/div>\n\t\t\t\t<\/div>\n\t\t<div class=\"elementor-element elementor-element-54706f5 e-flex e-con-boxed e-con e-parent\" data-id=\"54706f5\" data-element_type=\"container\" data-settings=\"{&quot;background_background&quot;:&quot;classic&quot;}\">\n\t\t\t\t\t<div class=\"e-con-inner\">\n\t\t<div class=\"elementor-element elementor-element-b06b6dd e-flex e-con-boxed e-con e-child\" data-id=\"b06b6dd\" data-element_type=\"container\" data-settings=\"{&quot;background_background&quot;:&quot;classic&quot;}\">\n\t\t\t\t\t<div class=\"e-con-inner\">\n\t\t\t\t<div class=\"elementor-element elementor-element-963754a elementor-widget elementor-widget-text-editor\" data-id=\"963754a\" data-element_type=\"widget\" data-widget_type=\"text-editor.default\">\n\t\t\t\t<div class=\"elementor-widget-container\">\n\t\t\t\t\t\t\t\t\t<p>FrigAir significa <strong>CALIDAD e INNOVACI\u00d3N.<\/strong><\/p><p>Y tambi\u00e9n, <strong>CONFIANZA<\/strong>, <strong>avalada por la comercializaci\u00f3n OE (equipo original) <\/strong><\/p><p><strong>durante los \u00faltimos 30 a\u00f1os.<\/strong><\/p>\t\t\t\t\t\t\t\t<\/div>\n\t\t\t\t<\/div>\n\t\t\t\t\t<\/div>\n\t\t\t\t<\/div>\n\t\t\t\t\t<\/div>\n\t\t\t\t<\/div>\n\t\t<div class=\"elementor-element elementor-element-9754745 e-flex e-con-boxed e-con e-parent\" data-id=\"9754745\" data-element_type=\"container\" data-settings=\"{&quot;background_background&quot;:&quot;classic&quot;}\">\n\t\t\t\t\t<div class=\"e-con-inner\">\n\t\t<div class=\"elementor-element elementor-element-d1764f6 e-con-full e-flex e-con e-child\" data-id=\"d1764f6\" data-element_type=\"container\">\n\t\t\t\t<div class=\"elementor-element elementor-element-dc02d57 elementor-widget-laptop__width-initial elementor-widget elementor-widget-heading\" data-id=\"dc02d57\" data-element_type=\"widget\" data-widget_type=\"heading.default\">\n\t\t\t\t<div class=\"elementor-widget-container\">\n\t\t\t\t\t<h2 class=\"elementor-heading-title elementor-size-default\">CONEXI\u00d3N<\/h2>\t\t\t\t<\/div>\n\t\t\t\t<\/div>\n\t\t\t\t<div class=\"elementor-element elementor-element-71576d0 elementor-widget elementor-widget-text-editor\" data-id=\"71576d0\" data-element_type=\"widget\" data-widget_type=\"text-editor.default\">\n\t\t\t\t<div class=\"elementor-widget-container\">\n\t\t\t\t\t\t\t\t\t<p>M\u00e1s del 70% de nuestros pedidos son en online.<\/p>\t\t\t\t\t\t\t\t<\/div>\n\t\t\t\t<\/div>\n\t\t\t\t<div class=\"elementor-element elementor-element-1d1a5c5 elementor-widget-laptop__width-initial elementor-widget elementor-widget-heading\" data-id=\"1d1a5c5\" data-element_type=\"widget\" data-widget_type=\"heading.default\">\n\t\t\t\t<div class=\"elementor-widget-container\">\n\t\t\t\t\t<h2 class=\"elementor-heading-title elementor-size-default\">ASISTENCIA 24\/7<\/h2>\t\t\t\t<\/div>\n\t\t\t\t<\/div>\n\t\t\t\t<div class=\"elementor-element elementor-element-55a4de6 elementor-widget elementor-widget-text-editor\" data-id=\"55a4de6\" data-element_type=\"widget\" data-widget_type=\"text-editor.default\">\n\t\t\t\t<div class=\"elementor-widget-container\">\n\t\t\t\t\t\t\t\t\t<p>Toda la informaci\u00f3n t\u00e9cnica de nuestros productos est\u00e1 en l\u00ednea, brindando respuestas a nuestros clientes al alcance de su mano.<\/p>\t\t\t\t\t\t\t\t<\/div>\n\t\t\t\t<\/div>\n\t\t\t\t<\/div>\n\t\t<div class=\"elementor-element elementor-element-96193b9 e-con-full e-flex e-con e-child\" data-id=\"96193b9\" data-element_type=\"container\">\n\t\t\t\t<div class=\"elementor-element elementor-element-00905aa elementor-widget-laptop__width-initial elementor-widget elementor-widget-heading\" data-id=\"00905aa\" data-element_type=\"widget\" data-widget_type=\"heading.default\">\n\t\t\t\t<div class=\"elementor-widget-container\">\n\t\t\t\t\t<h2 class=\"elementor-heading-title elementor-size-default\">SOSTENIBILIDAD<\/h2>\t\t\t\t<\/div>\n\t\t\t\t<\/div>\n\t\t\t\t<div class=\"elementor-element elementor-element-f6ee3ec elementor-widget elementor-widget-text-editor\" data-id=\"f6ee3ec\" data-element_type=\"widget\" data-widget_type=\"text-editor.default\">\n\t\t\t\t<div class=\"elementor-widget-container\">\n\t\t\t\t\t\t\t\t\t<p>Estamos comprometidos a reducir el impacto ambiental de nuestras operaciones en cada Compa\u00f1\u00eda o pa\u00eds en el que estamos involucrados. Promovemos los conceptos de econom\u00eda circular en el dise\u00f1o de productos y embalajes.<\/p>\t\t\t\t\t\t\t\t<\/div>\n\t\t\t\t<\/div>\n\t\t\t\t<\/div>\n\t\t<div class=\"elementor-element elementor-element-d948d6a e-con-full e-flex e-con e-child\" data-id=\"d948d6a\" data-element_type=\"container\">\n\t\t\t\t<div class=\"elementor-element elementor-element-db49e52 elementor-widget elementor-widget-image\" data-id=\"db49e52\" data-element_type=\"widget\" data-widget_type=\"image.default\">\n\t\t\t\t<div class=\"elementor-widget-container\">\n\t\t\t\t\t\t\t\t\t\t\t\t\t\t\t<img fetchpriority=\"high\" decoding=\"async\" width=\"300\" height=\"225\" src=\"https:\/\/www.frigair.com\/wp-content\/uploads\/2023\/01\/Corporate_parts-300x225.png\" class=\"attachment-medium size-medium wp-image-4189\" alt=\"\" srcset=\"https:\/\/www.frigair.com\/wp-content\/uploads\/2023\/01\/Corporate_parts-300x225.png 300w, https:\/\/www.frigair.com\/wp-content\/uploads\/2023\/01\/Corporate_parts-768x576.png 768w, https:\/\/www.frigair.com\/wp-content\/uploads\/2023\/01\/Corporate_parts-600x450.png 600w, https:\/\/www.frigair.com\/wp-content\/uploads\/2023\/01\/Corporate_parts.png 1020w\" sizes=\"(max-width: 300px) 100vw, 300px\" \/>\t\t\t\t\t\t\t\t\t\t\t\t\t\t\t<\/div>\n\t\t\t\t<\/div>\n\t\t\t\t<div class=\"elementor-element elementor-element-ca441ef elementor-widget elementor-widget-text-editor\" data-id=\"ca441ef\" data-element_type=\"widget\" data-widget_type=\"text-editor.default\">\n\t\t\t\t<div class=\"elementor-widget-container\">\n\t\t\t\t\t\t\t\t\t<p>Toda nuestra gama de <strong>compresores 940<\/strong> est\u00e1 fabricada mediante el reciclaje de <strong>componentes OE usados<\/strong>, restaurados \u00edntegramente a sus condiciones originales, utilizando procesos de producci\u00f3n industriales y tecnol\u00f3gicos muy avanzados.<\/p>\t\t\t\t\t\t\t\t<\/div>\n\t\t\t\t<\/div>\n\t\t\t\t<\/div>\n\t\t\t\t\t<\/div>\n\t\t\t\t<\/div>\n\t\t<div class=\"elementor-element elementor-element-3150194 e-flex e-con-boxed e-con e-parent\" data-id=\"3150194\" data-element_type=\"container\" data-settings=\"{&quot;background_background&quot;:&quot;classic&quot;}\">\n\t\t\t\t\t<div class=\"e-con-inner\">\n\t\t\t\t<div class=\"elementor-element elementor-element-d44cc64 elementor-widget elementor-widget-text-editor\" data-id=\"d44cc64\" data-element_type=\"widget\" data-widget_type=\"text-editor.default\">\n\t\t\t\t<div class=\"elementor-widget-container\">\n\t\t\t\t\t\t\t\t\t<p>Pero lo m\u00e1s importante, <strong>\u00a1FrigAir significa COMPROMISO!<\/strong><\/p>\t\t\t\t\t\t\t\t<\/div>\n\t\t\t\t<\/div>\n\t\t\t\t<div class=\"elementor-element elementor-element-5e35637 elementor-widget elementor-widget-text-editor\" data-id=\"5e35637\" data-element_type=\"widget\" data-widget_type=\"text-editor.default\">\n\t\t\t\t<div class=\"elementor-widget-container\">\n\t\t\t\t\t\t\t\t\t<p><strong>Nuestra gente es nuestro activo m\u00e1s valioso<\/strong> porque trabaja con pasi\u00f3n todos los d\u00edas para hacer crecer la empresa.<\/p>\t\t\t\t\t\t\t\t<\/div>\n\t\t\t\t<\/div>\n\t\t\t\t\t<\/div>\n\t\t\t\t<\/div>\n\t\t<div class=\"elementor-element elementor-element-7e238cb e-flex e-con-boxed e-con e-parent\" data-id=\"7e238cb\" data-element_type=\"container\" data-settings=\"{&quot;background_background&quot;:&quot;classic&quot;}\">\n\t\t\t\t\t<div class=\"e-con-inner\">\n\t\t<div class=\"elementor-element elementor-element-578bd5b e-con-full e-flex e-con e-child\" data-id=\"578bd5b\" data-element_type=\"container\" data-settings=\"{&quot;background_background&quot;:&quot;classic&quot;}\">\n\t\t\t\t<\/div>\n\t\t<div class=\"elementor-element elementor-element-ab9e79c e-con-full e-flex e-con e-child\" data-id=\"ab9e79c\" data-element_type=\"container\">\n\t\t<div class=\"elementor-element elementor-element-218f6595 e-con-full e-flex e-con e-child\" data-id=\"218f6595\" data-element_type=\"container\">\n\t\t<div class=\"elementor-element elementor-element-76a7f63 e-flex e-con-boxed e-con e-child\" data-id=\"76a7f63\" data-element_type=\"container\" data-settings=\"{&quot;background_background&quot;:&quot;classic&quot;}\">\n\t\t\t\t\t<div class=\"e-con-inner\">\n\t\t\t\t<div class=\"elementor-element elementor-element-22ddf39 elementor-widget elementor-widget-text-editor\" data-id=\"22ddf39\" data-element_type=\"widget\" data-widget_type=\"text-editor.default\">\n\t\t\t\t<div class=\"elementor-widget-container\">\n\t\t\t\t\t\t\t\t\t<p>Estamos comprometidos a desafiarnos continuamente, ser el socio preferido de nuestros clientes, participar activamente en su negocio y hacerles la vida m\u00e1s f\u00e1cil.<\/p>\t\t\t\t\t\t\t\t<\/div>\n\t\t\t\t<\/div>\n\t\t\t\t\t<\/div>\n\t\t\t\t<\/div>\n\t\t\t\t<div class=\"elementor-element elementor-element-c337d98 elementor-widget elementor-widget-text-editor\" data-id=\"c337d98\" data-element_type=\"widget\" data-widget_type=\"text-editor.default\">\n\t\t\t\t<div class=\"elementor-widget-container\">\n\t\t\t\t\t\t\t\t\t<p>Apoyando a las nuevas generaciones, impulsando la innovaci\u00f3n en las universidades y prepar\u00e1ndonos para lo que depara el futuro de los veh\u00edculos.<\/p>\t\t\t\t\t\t\t\t<\/div>\n\t\t\t\t<\/div>\n\t\t\t\t<\/div>\n\t\t\t\t<\/div>\n\t\t\t\t\t<\/div>\n\t\t\t\t<\/div>\n\t\t<div class=\"elementor-element elementor-element-7b93319b e-con-full e-flex e-con e-parent\" data-id=\"7b93319b\" data-element_type=\"container\" data-settings=\"{&quot;background_background&quot;:&quot;classic&quot;}\">\n\t\t<div class=\"elementor-element elementor-element-38cb9fcc e-con-full e-flex e-con e-child\" data-id=\"38cb9fcc\" data-element_type=\"container\">\n\t\t\t\t<div class=\"elementor-element elementor-element-3655500f elementor-widget__width-initial elementor-widget elementor-widget-heading\" data-id=\"3655500f\" data-element_type=\"widget\" data-widget_type=\"heading.default\">\n\t\t\t\t<div class=\"elementor-widget-container\">\n\t\t\t\t\t<h2 class=\"elementor-heading-title elementor-size-default\">\nSIGUENOS<BR \/> EN LINKEDIN\n<\/h2>\t\t\t\t<\/div>\n\t\t\t\t<\/div>\n\t\t\t\t<\/div>\n\t\t<div class=\"elementor-element elementor-element-43fa33c1 e-con-full e-flex e-con e-child\" data-id=\"43fa33c1\" data-element_type=\"container\">\n\t\t\t\t<div class=\"elementor-element elementor-element-3c93728 elementor-widget elementor-widget-button\" data-id=\"3c93728\" data-element_type=\"widget\" data-widget_type=\"button.default\">\n\t\t\t\t<div class=\"elementor-widget-container\">\n\t\t\t\t\t\t\t\t\t<div class=\"elementor-button-wrapper\">\n\t\t\t\t\t<a class=\"elementor-button elementor-button-link elementor-size-xl\" href=\"https:\/\/www.linkedin.com\/company\/frigairgroup\/\" target=\"_blank\">\n\t\t\t\t\t\t<span class=\"elementor-button-content-wrapper\">\n\t\t\t\t\t\t<span class=\"elementor-button-icon\">\n\t\t\t\t<svg aria-hidden=\"true\" class=\"e-font-icon-svg e-fab-linkedin\" viewBox=\"0 0 448 512\" xmlns=\"http:\/\/www.w3.org\/2000\/svg\"><path d=\"M416 32H31.9C14.3 32 0 46.5 0 64.3v383.4C0 465.5 14.3 480 31.9 480H416c17.6 0 32-14.5 32-32.3V64.3c0-17.8-14.4-32.3-32-32.3zM135.4 416H69V202.2h66.5V416zm-33.2-243c-21.3 0-38.5-17.3-38.5-38.5S80.9 96 102.2 96c21.2 0 38.5 17.3 38.5 38.5 0 21.3-17.2 38.5-38.5 38.5zm282.1 243h-66.4V312c0-24.8-.5-56.7-34.5-56.7-34.6 0-39.9 27-39.9 54.9V416h-66.4V202.2h63.7v29.2h.9c8.9-16.8 30.6-34.5 62.9-34.5 67.2 0 79.7 44.3 79.7 101.9V416z\"><\/path><\/svg>\t\t\t<\/span>\n\t\t\t\t\t\t\t\t\t<span class=\"elementor-button-text\">\u00a1Haz click aqu\u00ed!<\/span>\n\t\t\t\t\t<\/span>\n\t\t\t\t\t<\/a>\n\t\t\t\t<\/div>\n\t\t\t\t\t\t\t\t<\/div>\n\t\t\t\t<\/div>\n\t\t\t\t<\/div>\n\t\t<div class=\"elementor-element elementor-element-7478b9de e-con-full e-flex e-con e-child\" data-id=\"7478b9de\" data-element_type=\"container\">\n\t\t\t\t<div class=\"elementor-element elementor-element-17b4d496 elementor-widget elementor-widget-heading\" data-id=\"17b4d496\" data-element_type=\"widget\" data-widget_type=\"heading.default\">\n\t\t\t\t<div class=\"elementor-widget-container\">\n\t\t\t\t\t<h2 class=\"elementor-heading-title elementor-size-default\">YOUR<\/br>\nCOOLEST<\/br>\nSUPPLIER<\/h2>\t\t\t\t<\/div>\n\t\t\t\t<\/div>\n\t\t\t\t<\/div>\n\t\t\t\t<\/div>\n\t\t\t\t<\/div>\n\t\t","protected":false},"excerpt":{"rendered":"<p>A d\u00eda de hoy, nuestra empresa ofrece +10.000 referencias, distribuyendo a nivel internacional repuestos para sistemas de refrigeraci\u00f3n de motores y sistemas de A\/C para turismos, camiones y furgonetas. Con m\u00e1s de 20.000 m2 de espacio de almac\u00e9n combinado en Europa y dos fabricantes para satisfacer las necesidades de nuestros clientes con precisi\u00f3n y fiabilidad. [&hellip;]<\/p>\n","protected":false},"author":1,"featured_media":0,"parent":0,"menu_order":0,"comment_status":"closed","ping_status":"closed","template":"","meta":{"_monsterinsights_skip_tracking":false,"_monsterinsights_sitenote_active":false,"_monsterinsights_sitenote_note":"","_monsterinsights_sitenote_category":0,"footnotes":""},"class_list":["post-7188","page","type-page","status-publish","hentry"],"aioseo_notices":[],"_links":{"self":[{"href":"https:\/\/www.frigair.com\/es\/wp-json\/wp\/v2\/pages\/7188","targetHints":{"allow":["GET"]}}],"collection":[{"href":"https:\/\/www.frigair.com\/es\/wp-json\/wp\/v2\/pages"}],"about":[{"href":"https:\/\/www.frigair.com\/es\/wp-json\/wp\/v2\/types\/page"}],"author":[{"embeddable":true,"href":"https:\/\/www.frigair.com\/es\/wp-json\/wp\/v2\/users\/1"}],"replies":[{"embeddable":true,"href":"https:\/\/www.frigair.com\/es\/wp-json\/wp\/v2\/comments?post=7188"}],"version-history":[{"count":44,"href":"https:\/\/www.frigair.com\/es\/wp-json\/wp\/v2\/pages\/7188\/revisions"}],"predecessor-version":[{"id":10608,"href":"https:\/\/www.frigair.com\/es\/wp-json\/wp\/v2\/pages\/7188\/revisions\/10608"}],"wp:attachment":[{"href":"https:\/\/www.frigair.com\/es\/wp-json\/wp\/v2\/media?parent=7188"}],"curies":[{"name":"wp","href":"https:\/\/api.w.org\/{rel}","templated":true}]}}