{"id":7184,"date":"2022-09-05T09:53:44","date_gmt":"2022-09-05T13:53:44","guid":{"rendered":"http:\/\/frigair.com\/?page_id=7184"},"modified":"2025-02-04T15:51:41","modified_gmt":"2025-02-04T20:51:41","slug":"novedades","status":"publish","type":"page","link":"https:\/\/www.frigair.com\/es\/novedades\/","title":{"rendered":"NOVEDADES"},"content":{"rendered":"\t\t<div data-elementor-type=\"wp-page\" data-elementor-id=\"7184\" class=\"elementor elementor-7184 elementor-1526\" data-elementor-post-type=\"page\">\n\t\t\t\t<div class=\"elementor-element elementor-element-af6cd23 e-flex e-con-boxed e-con e-parent\" data-id=\"af6cd23\" data-element_type=\"container\">\n\t\t\t\t\t<div class=\"e-con-inner\">\n\t\t\t\t<div class=\"elementor-element elementor-element-3e3f390 elementor-widget-laptop__width-initial elementor-cta--skin-classic elementor-animated-content elementor-bg-transform elementor-bg-transform-zoom-in elementor-widget elementor-widget-call-to-action\" data-id=\"3e3f390\" data-element_type=\"widget\" data-widget_type=\"call-to-action.default\">\n\t\t\t\t<div class=\"elementor-widget-container\">\n\t\t\t\t\t\t\t<a class=\"elementor-cta\" href=\"https:\/\/www.frigair.com\/wp-content\/uploads\/2025\/02\/NEWS-Oil-Cooler-SPA.pdf\">\n\t\t\t\t\t<div class=\"elementor-cta__bg-wrapper\">\n\t\t\t\t<div class=\"elementor-cta__bg elementor-bg\" style=\"background-image: url(https:\/\/www.frigair.com\/wp-content\/uploads\/2025\/02\/banner-NEWS-Web.png);\" role=\"img\" aria-label=\"banner NEWS Web\"><\/div>\n\t\t\t\t<div class=\"elementor-cta__bg-overlay\"><\/div>\n\t\t\t<\/div>\n\t\t\t\t\t\t\t<div class=\"elementor-cta__content\">\n\t\t\t\t\n\t\t\t\t\t\t\t\t\t<h2 class=\"elementor-cta__title elementor-cta__content-item elementor-content-item\">\n\t\t\t\t\t\tENFRIADOR DE ACEITE\t\t\t\t\t<\/h2>\n\t\t\t\t\n\t\t\t\t\t\t\t\t\t<div class=\"elementor-cta__description elementor-cta__content-item elementor-content-item\">\n\t\t\t\t\t\tEFICIENCIA Y SALVAGUARDA PARA EL MOTOR Y LA TRANSMISI\u00d3N\t\t\t\t\t<\/div>\n\t\t\t\t\n\t\t\t\t\t\t\t\t\t<div class=\"elementor-cta__button-wrapper elementor-cta__content-item elementor-content-item \">\n\t\t\t\t\t<span class=\"elementor-cta__button elementor-button elementor-size-\">\n\t\t\t\t\t\tConoce m\u00e1s\t\t\t\t\t<\/span>\n\t\t\t\t\t<\/div>\n\t\t\t\t\t\t\t<\/div>\n\t\t\t\t\t\t<\/a>\n\t\t\t\t\t\t<\/div>\n\t\t\t\t<\/div>\n\t\t\t\t<div class=\"elementor-element elementor-element-d2d4ee4 elementor-widget-laptop__width-initial elementor-cta--skin-classic elementor-animated-content elementor-bg-transform elementor-bg-transform-zoom-in elementor-widget elementor-widget-call-to-action\" data-id=\"d2d4ee4\" data-element_type=\"widget\" data-widget_type=\"call-to-action.default\">\n\t\t\t\t<div class=\"elementor-widget-container\">\n\t\t\t\t\t\t\t<a class=\"elementor-cta\" href=\"https:\/\/www.frigair.com\/wp-content\/uploads\/2024\/11\/NEWS-O-RINGS-ESP.pdf\">\n\t\t\t\t\t<div class=\"elementor-cta__bg-wrapper\">\n\t\t\t\t<div class=\"elementor-cta__bg elementor-bg\" style=\"background-image: url(https:\/\/www.frigair.com\/wp-content\/uploads\/2024\/11\/58.60999.png);\" role=\"img\" aria-label=\"58.60999\"><\/div>\n\t\t\t\t<div class=\"elementor-cta__bg-overlay\"><\/div>\n\t\t\t<\/div>\n\t\t\t\t\t\t\t<div class=\"elementor-cta__content\">\n\t\t\t\t\n\t\t\t\t\t\t\t\t\t<h2 class=\"elementor-cta__title elementor-cta__content-item elementor-content-item\">\n\t\t\t\t\t\tJUNTAS T\u00d3RICAS - O-Rings\t\t\t\t\t<\/h2>\n\t\t\t\t\n\t\t\t\t\n\t\t\t\t\t\t\t\t\t<div class=\"elementor-cta__button-wrapper elementor-cta__content-item elementor-content-item \">\n\t\t\t\t\t<span class=\"elementor-cta__button elementor-button elementor-size-\">\n\t\t\t\t\t\tConoce m\u00e1s\t\t\t\t\t<\/span>\n\t\t\t\t\t<\/div>\n\t\t\t\t\t\t\t<\/div>\n\t\t\t\t\t\t<\/a>\n\t\t\t\t\t\t<\/div>\n\t\t\t\t<\/div>\n\t\t\t\t<div class=\"elementor-element elementor-element-c23c1f0 elementor-widget-laptop__width-initial elementor-cta--skin-classic elementor-animated-content elementor-bg-transform elementor-bg-transform-zoom-in elementor-widget elementor-widget-call-to-action\" data-id=\"c23c1f0\" data-element_type=\"widget\" data-widget_type=\"call-to-action.default\">\n\t\t\t\t<div class=\"elementor-widget-container\">\n\t\t\t\t\t\t\t<a class=\"elementor-cta\" href=\"https:\/\/www.frigair.com\/wp-content\/uploads\/2024\/09\/LIQUIDO-REFRIGERANTE-FrigAir-News-SPA.pdf\">\n\t\t\t\t\t<div class=\"elementor-cta__bg-wrapper\">\n\t\t\t\t<div class=\"elementor-cta__bg elementor-bg\" style=\"background-image: url(https:\/\/www.frigair.com\/wp-content\/uploads\/2024\/09\/banner-NEWS-Web-3.png);\" role=\"img\" aria-label=\"banner NEWS Web-3\"><\/div>\n\t\t\t\t<div class=\"elementor-cta__bg-overlay\"><\/div>\n\t\t\t<\/div>\n\t\t\t\t\t\t\t<div class=\"elementor-cta__content\">\n\t\t\t\t\n\t\t\t\t\t\t\t\t\t<h2 class=\"elementor-cta__title elementor-cta__content-item elementor-content-item\">\n\t\t\t\t\t\tLIQUIDO ANTICONGELANTE - REFRIGERANTE\t\t\t\t\t<\/h2>\n\t\t\t\t\n\t\t\t\t\n\t\t\t\t\t\t\t\t\t<div class=\"elementor-cta__button-wrapper elementor-cta__content-item elementor-content-item \">\n\t\t\t\t\t<span class=\"elementor-cta__button elementor-button elementor-size-\">\n\t\t\t\t\t\tConoce m\u00e1s\t\t\t\t\t<\/span>\n\t\t\t\t\t<\/div>\n\t\t\t\t\t\t\t<\/div>\n\t\t\t\t\t\t<\/a>\n\t\t\t\t\t\t<\/div>\n\t\t\t\t<\/div>\n\t\t\t\t<div class=\"elementor-element elementor-element-33cf55d elementor-widget-laptop__width-initial elementor-cta--skin-classic elementor-animated-content elementor-bg-transform elementor-bg-transform-zoom-in elementor-widget elementor-widget-call-to-action\" data-id=\"33cf55d\" data-element_type=\"widget\" data-widget_type=\"call-to-action.default\">\n\t\t\t\t<div class=\"elementor-widget-container\">\n\t\t\t\t\t\t\t<a class=\"elementor-cta\" href=\"https:\/\/www.frigair.com\/wp-content\/uploads\/2024\/05\/41.30078-_SP.pdf\">\n\t\t\t\t\t<div class=\"elementor-cta__bg-wrapper\">\n\t\t\t\t<div class=\"elementor-cta__bg elementor-bg\" style=\"background-image: url(https:\/\/www.frigair.com\/wp-content\/uploads\/2024\/05\/Diseno-sin-titulo-35-1024x1024.png);\" role=\"img\" aria-label=\"Dise\u00f1o sin t\u00edtulo-35\"><\/div>\n\t\t\t\t<div class=\"elementor-cta__bg-overlay\"><\/div>\n\t\t\t<\/div>\n\t\t\t\t\t\t\t<div class=\"elementor-cta__content\">\n\t\t\t\t\n\t\t\t\t\t\t\t\t\t<h2 class=\"elementor-cta__title elementor-cta__content-item elementor-content-item\">\n\t\t\t\t\t\tSISTEMA DE CONTROL DE CALIDAD R1234YF\t\t\t\t\t<\/h2>\n\t\t\t\t\n\t\t\t\t\n\t\t\t\t\t\t\t\t\t<div class=\"elementor-cta__button-wrapper elementor-cta__content-item elementor-content-item \">\n\t\t\t\t\t<span class=\"elementor-cta__button elementor-button elementor-size-\">\n\t\t\t\t\t\tConoce m\u00e1s\t\t\t\t\t<\/span>\n\t\t\t\t\t<\/div>\n\t\t\t\t\t\t\t<\/div>\n\t\t\t\t\t\t<\/a>\n\t\t\t\t\t\t<\/div>\n\t\t\t\t<\/div>\n\t\t\t\t\t<\/div>\n\t\t\t\t<\/div>\n\t\t<div class=\"elementor-element elementor-element-4fcfca1 e-flex e-con-boxed e-con e-parent\" data-id=\"4fcfca1\" data-element_type=\"container\">\n\t\t\t\t\t<div class=\"e-con-inner\">\n\t\t\t\t<div class=\"elementor-element elementor-element-396b8f8 elementor-widget-laptop__width-initial elementor-cta--skin-classic elementor-animated-content elementor-bg-transform elementor-bg-transform-zoom-in elementor-widget elementor-widget-call-to-action\" data-id=\"396b8f8\" data-element_type=\"widget\" data-widget_type=\"call-to-action.default\">\n\t\t\t\t<div class=\"elementor-widget-container\">\n\t\t\t\t\t\t\t<a class=\"elementor-cta\" href=\"https:\/\/www.frigair.com\/wp-content\/uploads\/2023\/08\/Compresor-de-Aire-Acondicionado-Electrico-ES.pdf\">\n\t\t\t\t\t<div class=\"elementor-cta__bg-wrapper\">\n\t\t\t\t<div class=\"elementor-cta__bg elementor-bg\" style=\"background-image: url(https:\/\/www.frigair.com\/wp-content\/uploads\/2023\/08\/Newsletter-HEADER-2-1024x487.jpg);\" role=\"img\" aria-label=\"Newsletter HEADER-2\"><\/div>\n\t\t\t\t<div class=\"elementor-cta__bg-overlay\"><\/div>\n\t\t\t<\/div>\n\t\t\t\t\t\t\t<div class=\"elementor-cta__content\">\n\t\t\t\t\n\t\t\t\t\t\t\t\t\t<h2 class=\"elementor-cta__title elementor-cta__content-item elementor-content-item\">\n\t\t\t\t\t\tEL COMPRESOR DE AIRE ACONDICIONADO EL\u00c9CTRICO\t\t\t\t\t<\/h2>\n\t\t\t\t\n\t\t\t\t\t\t\t\t\t<div class=\"elementor-cta__description elementor-cta__content-item elementor-content-item\">\n\t\t\t\t\t\tEN LOS MODERNOS SISTEMAS DE GESTI\u00d3N T\u00c9RMICA, EL COMPRESOR DESEMPE\u00d1A UN PAPEL A\u00daN M\u00c1S CRUCIAL.\n  \t\t\t\t\t<\/div>\n\t\t\t\t\n\t\t\t\t\t\t\t\t\t<div class=\"elementor-cta__button-wrapper elementor-cta__content-item elementor-content-item \">\n\t\t\t\t\t<span class=\"elementor-cta__button elementor-button elementor-size-\">\n\t\t\t\t\t\tConoce m\u00e1s\t\t\t\t\t<\/span>\n\t\t\t\t\t<\/div>\n\t\t\t\t\t\t\t<\/div>\n\t\t\t\t\t\t<\/a>\n\t\t\t\t\t\t<\/div>\n\t\t\t\t<\/div>\n\t\t\t\t\t<\/div>\n\t\t\t\t<\/div>\n\t\t<div class=\"elementor-element elementor-element-9a37c14 e-flex e-con-boxed e-con e-parent\" data-id=\"9a37c14\" data-element_type=\"container\">\n\t\t\t\t\t<div class=\"e-con-inner\">\n\t\t<div class=\"elementor-element elementor-element-43d92d9 e-con-full e-flex e-con e-child\" data-id=\"43d92d9\" data-element_type=\"container\">\n\t\t\t\t<div class=\"elementor-element elementor-element-d159051 elementor-widget elementor-widget-image\" data-id=\"d159051\" data-element_type=\"widget\" data-widget_type=\"image.default\">\n\t\t\t\t<div class=\"elementor-widget-container\">\n\t\t\t\t\t\t\t\t\t\t\t\t\t\t\t\t<a href=\"https:\/\/www.frigair.com\/wp-content\/uploads\/2023\/07\/Brochure-Maflow.pdf\">\n\t\t\t\t\t\t\t<img fetchpriority=\"high\" decoding=\"async\" width=\"580\" height=\"434\" src=\"https:\/\/www.frigair.com\/wp-content\/uploads\/2023\/07\/234.14934.jpg\" class=\"attachment-large size-large wp-image-8569\" alt=\"\" srcset=\"https:\/\/www.frigair.com\/wp-content\/uploads\/2023\/07\/234.14934.jpg 580w, https:\/\/www.frigair.com\/wp-content\/uploads\/2023\/07\/234.14934-300x224.jpg 300w\" sizes=\"(max-width: 580px) 100vw, 580px\" \/>\t\t\t\t\t\t\t\t<\/a>\n\t\t\t\t\t\t\t\t\t\t\t\t\t\t\t<\/div>\n\t\t\t\t<\/div>\n\t\t\t\t<\/div>\n\t\t<div class=\"elementor-element elementor-element-07d40f4 e-con-full e-flex e-con e-child\" data-id=\"07d40f4\" data-element_type=\"container\">\n\t\t\t\t<div class=\"elementor-element elementor-element-6b0df58 elementor-widget elementor-widget-text-editor\" data-id=\"6b0df58\" data-element_type=\"widget\" data-widget_type=\"text-editor.default\">\n\t\t\t\t<div class=\"elementor-widget-container\">\n\t\t\t\t\t\t\t\t\t<p><span style=\"color: #000080;\"><strong>\u00a1FrigAir se complace en presentar\u00a0las nuevas mangueras prensadoras para sistemas de aire acondicionado!<\/strong><\/span><\/p>\t\t\t\t\t\t\t\t<\/div>\n\t\t\t\t<\/div>\n\t\t\t\t<\/div>\n\t\t\t\t\t<\/div>\n\t\t\t\t<\/div>\n\t\t<div class=\"elementor-element elementor-element-bca483b e-flex e-con-boxed e-con e-parent\" data-id=\"bca483b\" data-element_type=\"container\">\n\t\t\t\t\t<div class=\"e-con-inner\">\n\t\t\t\t<div class=\"elementor-element elementor-element-c090ee8 elementor-widget elementor-widget-BlogList\" data-id=\"c090ee8\" data-element_type=\"widget\" data-widget_type=\"BlogList.default\">\n\t\t\t\t<div class=\"elementor-widget-container\">\n\t\t\t\t\t<div class=\"bwdbpl_blogPost_5 bwdbpl_blogPost_list_24\">\r\n            <div class=\"container-fluid g-0\">\r\n                <div class=\"row g-0\">\r\n                                <div class=\"col-lg-12 mb-30\">\r\n                        <div class=\"bwdbpl_blog_box\">\r\n                        \t\t<div class=\"bwdbpl_blog_image bwdbpl_image_overly_b bwdbpl_image_overly_a\" style=\"background-image: url(https:\/\/www.frigair.com\/wp-content\/uploads\/2022\/12\/news-FrigAir_renueva--1024x682.jpg);\"><a class=\"blog_img-link\" href=\"https:\/\/www.frigair.com\/es\/frigair-renueva-su-imagen-y-genera-nuevos-puntos-de-contacto-con-sus-clientes\/\"><\/a>\n\t\t<\/div>\r\n                            <div class=\"bwdbpl_blog_bottom_part bwdbpl_box_style_cmn\">\r\n                                                                                                <div class=\"bwdbpl_blog_title  \">\r\n                                    <a href=\"https:\/\/www.frigair.com\/es\/frigair-renueva-su-imagen-y-genera-nuevos-puntos-de-contacto-con-sus-clientes\/\" ><div class=\"bwdbpl_title\">FrigAir renueva su imagen y genera nuevos puntos de contacto con sus clientes<\/div><\/a>\r\n                                <\/div>\r\n                                                                <div class=\"bwdbpl_blog_meta  \">\r\n                                                                                                        <\/div>\r\n                                                                <div class=\"bwdbpl_blog_description  \">\r\n                                    <div class=\"bwdbpl_desce\"><\/div>\r\n                                <\/div>\r\n                                                                <div class=\"bwdbpl_blog_bttn  \">\r\n                                    <a class=\"bwdbpl_button\" href=\"https:\/\/www.frigair.com\/es\/frigair-renueva-su-imagen-y-genera-nuevos-puntos-de-contacto-con-sus-clientes\/\" >Read More<i class=\"bwdbpl_icons bwdbpl_icons_right fas fa-arrow-right\"><\/i><\/a>\r\n                                <\/div>\r\n                                                            <\/div>\r\n                        <\/div>\r\n                    <\/div>\r\n                            <div class=\"bwdbpl_pagination_item text-center\">\r\n                 <\/div>                <\/div>\r\n            <\/div>\r\n        <\/div>\t\t\t\t<\/div>\n\t\t\t\t<\/div>\n\t\t\t\t\t<\/div>\n\t\t\t\t<\/div>\n\t\t\t\t<\/div>\n\t\t","protected":false},"excerpt":{"rendered":"<p>ENFRIADOR DE ACEITE EFICIENCIA Y SALVAGUARDA PARA EL MOTOR Y LA TRANSMISI\u00d3N Conoce m\u00e1s JUNTAS T\u00d3RICAS &#8211; O-Rings Conoce m\u00e1s LIQUIDO ANTICONGELANTE &#8211; REFRIGERANTE Conoce m\u00e1s SISTEMA DE CONTROL DE CALIDAD R1234YF Conoce m\u00e1s EL COMPRESOR DE AIRE ACONDICIONADO EL\u00c9CTRICO EN LOS MODERNOS SISTEMAS DE GESTI\u00d3N T\u00c9RMICA, EL COMPRESOR DESEMPE\u00d1A UN PAPEL A\u00daN M\u00c1S CRUCIAL. [&hellip;]<\/p>\n","protected":false},"author":1,"featured_media":0,"parent":0,"menu_order":0,"comment_status":"closed","ping_status":"closed","template":"","meta":{"_monsterinsights_skip_tracking":false,"_monsterinsights_sitenote_active":false,"_monsterinsights_sitenote_note":"","_monsterinsights_sitenote_category":0,"footnotes":""},"class_list":["post-7184","page","type-page","status-publish","hentry"],"aioseo_notices":[],"_links":{"self":[{"href":"https:\/\/www.frigair.com\/es\/wp-json\/wp\/v2\/pages\/7184","targetHints":{"allow":["GET"]}}],"collection":[{"href":"https:\/\/www.frigair.com\/es\/wp-json\/wp\/v2\/pages"}],"about":[{"href":"https:\/\/www.frigair.com\/es\/wp-json\/wp\/v2\/types\/page"}],"author":[{"embeddable":true,"href":"https:\/\/www.frigair.com\/es\/wp-json\/wp\/v2\/users\/1"}],"replies":[{"embeddable":true,"href":"https:\/\/www.frigair.com\/es\/wp-json\/wp\/v2\/comments?post=7184"}],"version-history":[{"count":27,"href":"https:\/\/www.frigair.com\/es\/wp-json\/wp\/v2\/pages\/7184\/revisions"}],"predecessor-version":[{"id":10287,"href":"https:\/\/www.frigair.com\/es\/wp-json\/wp\/v2\/pages\/7184\/revisions\/10287"}],"wp:attachment":[{"href":"https:\/\/www.frigair.com\/es\/wp-json\/wp\/v2\/media?parent=7184"}],"curies":[{"name":"wp","href":"https:\/\/api.w.org\/{rel}","templated":true}]}}