{"id":7506,"date":"2022-03-14T14:15:40","date_gmt":"2022-03-14T18:15:40","guid":{"rendered":"http:\/\/frigair.com\/?page_id=7506"},"modified":"2025-10-15T08:56:02","modified_gmt":"2025-10-15T12:56:02","slug":"unternehmen","status":"publish","type":"page","link":"https:\/\/www.frigair.com\/de\/unternehmen\/","title":{"rendered":"UNTERNEHMEN"},"content":{"rendered":"\t\t<div data-elementor-type=\"wp-page\" data-elementor-id=\"7506\" class=\"elementor elementor-7506 elementor-917\" data-elementor-post-type=\"page\">\n\t\t\t\t<div class=\"elementor-element elementor-element-4cf808d e-con-full e-flex e-con e-parent\" data-id=\"4cf808d\" data-element_type=\"container\">\n\t\t\t\t<\/div>\n\t\t<div class=\"elementor-element elementor-element-ce09867 e-flex e-con-boxed e-con e-parent\" data-id=\"ce09867\" data-element_type=\"container\" data-settings=\"{&quot;background_background&quot;:&quot;classic&quot;}\">\n\t\t\t\t\t<div class=\"e-con-inner\">\n\t\t<div class=\"elementor-element elementor-element-d3fa4ad e-flex e-con-boxed e-con e-child\" data-id=\"d3fa4ad\" data-element_type=\"container\" data-settings=\"{&quot;background_background&quot;:&quot;classic&quot;}\">\n\t\t\t\t\t<div class=\"e-con-inner\">\n\t\t\t\t<div class=\"elementor-element elementor-element-1170daa elementor-widget elementor-widget-text-editor\" data-id=\"1170daa\" data-element_type=\"widget\" data-widget_type=\"text-editor.default\">\n\t\t\t\t<div class=\"elementor-widget-container\">\n\t\t\t\t\t\t\t\t\t<p>\u00a0Heute bietet unser Unternehmen +10.000\u00a0Referenzen, internationaler Vertrieb von Ersatzteilen f\u00fcr die Motork\u00fchlung\u00a0Systeme und Klimaanlagen f\u00fcr PKW, NKW, Transporter, Landmaschinen und Baumaschinen<\/p>\t\t\t\t\t\t\t\t<\/div>\n\t\t\t\t<\/div>\n\t\t\t\t\t<\/div>\n\t\t\t\t<\/div>\n\t\t\t\t\t<\/div>\n\t\t\t\t<\/div>\n\t\t<div class=\"elementor-element elementor-element-5c7f152 e-con-full e-flex e-con e-parent\" data-id=\"5c7f152\" data-element_type=\"container\" data-settings=\"{&quot;background_background&quot;:&quot;classic&quot;}\">\n\t\t<div class=\"elementor-element elementor-element-1947e3f e-con-full e-flex e-con e-child\" data-id=\"1947e3f\" data-element_type=\"container\">\n\t\t\t\t<div class=\"elementor-element elementor-element-f2684ca elementor-widget-laptop__width-initial elementor-widget elementor-widget-heading\" data-id=\"f2684ca\" data-element_type=\"widget\" data-widget_type=\"heading.default\">\n\t\t\t\t<div class=\"elementor-widget-container\">\n\t\t\t\t\t<h2 class=\"elementor-heading-title elementor-size-default\">Mit \u00fcber 20.000 qm<br \/>\nkombinierte Lagerfl\u00e4che in <br \/>\nEuropa und zwei Produktionsst\u00e4tten zu <br \/>\nerf\u00fcllen wir die Bed\u00fcrfnisse unserer Kunden <br \/>mit Pr\u00e4zision und Zuverl\u00e4ssigkeit.\n<\/h2>\t\t\t\t<\/div>\n\t\t\t\t<\/div>\n\t\t\t\t<\/div>\n\t\t<div class=\"elementor-element elementor-element-d708983 e-con-full e-flex e-con e-child\" data-id=\"d708983\" data-element_type=\"container\" data-settings=\"{&quot;background_background&quot;:&quot;classic&quot;}\">\n\t\t\t\t<\/div>\n\t\t\t\t<\/div>\n\t\t<div class=\"elementor-element elementor-element-23af646 e-con-full e-flex e-con e-parent\" data-id=\"23af646\" data-element_type=\"container\">\n\t\t<div class=\"elementor-element elementor-element-bc7bb1c e-con-full e-flex e-con e-child\" data-id=\"bc7bb1c\" data-element_type=\"container\" data-settings=\"{&quot;background_background&quot;:&quot;classic&quot;}\">\n\t\t\t\t<div class=\"elementor-element elementor-element-3cd3bbc elementor-widget-laptop__width-initial elementor-widget elementor-widget-heading\" data-id=\"3cd3bbc\" data-element_type=\"widget\" data-widget_type=\"heading.default\">\n\t\t\t\t<div class=\"elementor-widget-container\">\n\t\t\t\t\t<h2 class=\"elementor-heading-title elementor-size-default\">UNSERE MISSION <br \/>\n<br \/>\nUnsere Mission ist es, unseren Kunden au\u00dfergew\u00f6hnliche Produkte und Dienstleistungen zu bieten, die ihren Bed\u00fcrfnissen entsprechen, und gleichzeitig starke, dauerhafte Beziehungen zu pflegen. <br \/>\n<br \/>Wir setzen auf Qualit\u00e4t, Komfort und Kosteneffizienz und k\u00f6nnen so die Stabilit\u00e4t unseres Unternehmens kontinuierlich verbessern und sicherstellen.<\/h2>\t\t\t\t<\/div>\n\t\t\t\t<\/div>\n\t\t\t\t<\/div>\n\t\t<div class=\"elementor-element elementor-element-1d4fa2b e-con-full e-flex e-con e-child\" data-id=\"1d4fa2b\" data-element_type=\"container\">\n\t\t\t\t<div class=\"elementor-element elementor-element-d5acee3 elementor-widget elementor-widget-image\" data-id=\"d5acee3\" data-element_type=\"widget\" data-widget_type=\"image.default\">\n\t\t\t\t<div class=\"elementor-widget-container\">\n\t\t\t\t\t\t\t\t\t\t\t\t\t\t\t<img decoding=\"async\" src=\"https:\/\/www.frigair.com\/wp-content\/uploads\/elementor\/thumbs\/OE_Frigair-q0wenwglc4yyy39mw1nant1cwi7x6wxm854y2hg1sk.png\" title=\"OE_Frigair\" alt=\"OE_Frigair\" loading=\"lazy\" \/>\t\t\t\t\t\t\t\t\t\t\t\t\t\t\t<\/div>\n\t\t\t\t<\/div>\n\t\t\t\t<\/div>\n\t\t\t\t<\/div>\n\t\t<div class=\"elementor-element elementor-element-be874e9 e-con-full e-flex e-con e-parent\" data-id=\"be874e9\" data-element_type=\"container\">\n\t\t<div class=\"elementor-element elementor-element-92f3e7e e-con-full e-flex e-con e-child\" data-id=\"92f3e7e\" data-element_type=\"container\" data-settings=\"{&quot;background_background&quot;:&quot;classic&quot;}\">\n\t\t\t\t<div class=\"elementor-element elementor-element-9891d5f elementor-widget-laptop__width-initial elementor-widget elementor-widget-heading\" data-id=\"9891d5f\" data-element_type=\"widget\" data-widget_type=\"heading.default\">\n\t\t\t\t<div class=\"elementor-widget-container\">\n\t\t\t\t\t<h2 class=\"elementor-heading-title elementor-size-default\">UNSERE VISION<br \/>\n <br \/>\nAufbau best\u00e4ndiger und vertrauensw\u00fcrdiger Kundenbeziehungen weltweit. Wir streben danach, eine 'FrigAir-Kultur' zu f\u00f6rdern, die unsere Belegschaft st\u00e4rkt, ihre Entwicklung sicherstellt und ihre Ausrichtung an den Unternehmenswerten gew\u00e4hrleistet.<br \/>\n <br \/> Diese Kultur erstreckt sich auf die Erhaltung einer nachhaltigen Umwelt f\u00fcr unsere Mitarbeiter und zuk\u00fcnftige Generationen. <br \/>\n <br \/>Die finanzielle Gesundheit unseres Unternehmens treibt diese Vision voran, verbessert sowohl die Lebensgrundlagen der Mitarbeiter als auch die Renditen der Investoren.<\/h2>\t\t\t\t<\/div>\n\t\t\t\t<\/div>\n\t\t\t\t<\/div>\n\t\t<div class=\"elementor-element elementor-element-0e16dd5 e-con-full e-flex e-con e-child\" data-id=\"0e16dd5\" data-element_type=\"container\" data-settings=\"{&quot;background_background&quot;:&quot;classic&quot;}\">\n\t\t\t\t<\/div>\n\t\t\t\t<\/div>\n\t\t<div class=\"elementor-element elementor-element-51c7a5f e-flex e-con-boxed e-con e-parent\" data-id=\"51c7a5f\" data-element_type=\"container\" data-settings=\"{&quot;background_background&quot;:&quot;classic&quot;}\">\n\t\t\t\t\t<div class=\"e-con-inner\">\n\t\t<div class=\"elementor-element elementor-element-d01c278 e-flex e-con-boxed e-con e-child\" data-id=\"d01c278\" data-element_type=\"container\" data-settings=\"{&quot;background_background&quot;:&quot;classic&quot;}\">\n\t\t\t\t\t<div class=\"e-con-inner\">\n\t\t\t\t<div class=\"elementor-element elementor-element-7f72cc8 elementor-widget elementor-widget-text-editor\" data-id=\"7f72cc8\" data-element_type=\"widget\" data-widget_type=\"text-editor.default\">\n\t\t\t\t<div class=\"elementor-widget-container\">\n\t\t\t\t\t\t\t\t\t<p>FrigAir steht f\u00fcr <strong>QUALIT\u00c4T und INNOVATION.<\/strong><\/p><p>Und auch <strong>VERTRAUEN, denn wir haben in den letzten 30 Jahren OE (Original Equipment) kommerzialisiert.<\/strong><\/p>\t\t\t\t\t\t\t\t<\/div>\n\t\t\t\t<\/div>\n\t\t\t\t\t<\/div>\n\t\t\t\t<\/div>\n\t\t\t\t\t<\/div>\n\t\t\t\t<\/div>\n\t\t<div class=\"elementor-element elementor-element-9754745 e-flex e-con-boxed e-con e-parent\" data-id=\"9754745\" data-element_type=\"container\" data-settings=\"{&quot;background_background&quot;:&quot;classic&quot;}\">\n\t\t\t\t\t<div class=\"e-con-inner\">\n\t\t<div class=\"elementor-element elementor-element-d1764f6 e-con-full e-flex e-con e-child\" data-id=\"d1764f6\" data-element_type=\"container\">\n\t\t\t\t<div class=\"elementor-element elementor-element-dc02d57 elementor-widget-laptop__width-initial elementor-widget elementor-widget-heading\" data-id=\"dc02d57\" data-element_type=\"widget\" data-widget_type=\"heading.default\">\n\t\t\t\t<div class=\"elementor-widget-container\">\n\t\t\t\t\t<h2 class=\"elementor-heading-title elementor-size-default\">VERBINDUNG<\/h2>\t\t\t\t<\/div>\n\t\t\t\t<\/div>\n\t\t\t\t<div class=\"elementor-element elementor-element-71576d0 elementor-widget elementor-widget-text-editor\" data-id=\"71576d0\" data-element_type=\"widget\" data-widget_type=\"text-editor.default\">\n\t\t\t\t<div class=\"elementor-widget-container\">\n\t\t\t\t\t\t\t\t\t<p>denn +70\u00a0% unserer\u00a0Bestellungen sind online.<\/p>\t\t\t\t\t\t\t\t<\/div>\n\t\t\t\t<\/div>\n\t\t\t\t<div class=\"elementor-element elementor-element-1d1a5c5 elementor-widget-laptop__width-initial elementor-widget elementor-widget-heading\" data-id=\"1d1a5c5\" data-element_type=\"widget\" data-widget_type=\"heading.default\">\n\t\t\t\t<div class=\"elementor-widget-container\">\n\t\t\t\t\t<h2 class=\"elementor-heading-title elementor-size-default\">ERREICHBAR 24\/7<\/h2>\t\t\t\t<\/div>\n\t\t\t\t<\/div>\n\t\t\t\t<div class=\"elementor-element elementor-element-55a4de6 elementor-widget elementor-widget-text-editor\" data-id=\"55a4de6\" data-element_type=\"widget\" data-widget_type=\"text-editor.default\">\n\t\t\t\t<div class=\"elementor-widget-container\">\n\t\t\t\t\t\t\t\t\t<p>Alle technischen Informationen zu unseren Produkten sind online und bieten unseren Kunden Antworten auf Knopfdruck.<\/p>\t\t\t\t\t\t\t\t<\/div>\n\t\t\t\t<\/div>\n\t\t\t\t<\/div>\n\t\t<div class=\"elementor-element elementor-element-96193b9 e-con-full e-flex e-con e-child\" data-id=\"96193b9\" data-element_type=\"container\">\n\t\t\t\t<div class=\"elementor-element elementor-element-00905aa elementor-widget-laptop__width-initial elementor-widget elementor-widget-heading\" data-id=\"00905aa\" data-element_type=\"widget\" data-widget_type=\"heading.default\">\n\t\t\t\t<div class=\"elementor-widget-container\">\n\t\t\t\t\t<h2 class=\"elementor-heading-title elementor-size-default\">NACHHALTIGKEIT<\/h2>\t\t\t\t<\/div>\n\t\t\t\t<\/div>\n\t\t\t\t<div class=\"elementor-element elementor-element-f6ee3ec elementor-widget elementor-widget-text-editor\" data-id=\"f6ee3ec\" data-element_type=\"widget\" data-widget_type=\"text-editor.default\">\n\t\t\t\t<div class=\"elementor-widget-container\">\n\t\t\t\t\t\t\t\t\t<p>Wir verpflichten uns, die Umweltauswirkungen unserer Gesch\u00e4ftst\u00e4tigkeit in allen Bereichen zu reduzieren.<\/p><p>Unternehmen oder Land, in dem wir t\u00e4tig sind. F\u00f6rdern wir die Kreislaufwirtschaftskonzepte im Produkt- und Verpackungsdesign, und bauen unser Recycle -System weiter aus<\/p>\t\t\t\t\t\t\t\t<\/div>\n\t\t\t\t<\/div>\n\t\t\t\t<\/div>\n\t\t<div class=\"elementor-element elementor-element-d948d6a e-con-full e-flex e-con e-child\" data-id=\"d948d6a\" data-element_type=\"container\">\n\t\t\t\t<div class=\"elementor-element elementor-element-db49e52 elementor-widget elementor-widget-image\" data-id=\"db49e52\" data-element_type=\"widget\" data-widget_type=\"image.default\">\n\t\t\t\t<div class=\"elementor-widget-container\">\n\t\t\t\t\t\t\t\t\t\t\t\t\t\t\t<img fetchpriority=\"high\" decoding=\"async\" width=\"300\" height=\"225\" src=\"https:\/\/www.frigair.com\/wp-content\/uploads\/2023\/01\/Corporate_parts-300x225.png\" class=\"attachment-medium size-medium wp-image-4187\" alt=\"\" srcset=\"https:\/\/www.frigair.com\/wp-content\/uploads\/2023\/01\/Corporate_parts-300x225.png 300w, https:\/\/www.frigair.com\/wp-content\/uploads\/2023\/01\/Corporate_parts-768x576.png 768w, https:\/\/www.frigair.com\/wp-content\/uploads\/2023\/01\/Corporate_parts-600x450.png 600w, https:\/\/www.frigair.com\/wp-content\/uploads\/2023\/01\/Corporate_parts.png 1020w\" sizes=\"(max-width: 300px) 100vw, 300px\" \/>\t\t\t\t\t\t\t\t\t\t\t\t\t\t\t<\/div>\n\t\t\t\t<\/div>\n\t\t\t\t<div class=\"elementor-element elementor-element-ca441ef elementor-widget elementor-widget-text-editor\" data-id=\"ca441ef\" data-element_type=\"widget\" data-widget_type=\"text-editor.default\">\n\t\t\t\t<div class=\"elementor-widget-container\">\n\t\t\t\t\t\t\t\t\t<p>Unser gesamtes Sortiment an <strong>940-Kompressoren<\/strong> werden durch das Recycling <strong>gebrauchter OE-Komponenten<\/strong> hergestellt, die vollst\u00e4ndig in ihren urspr\u00fcnglichen Zustand zur\u00fcckversetzt werden und dem Kreislauf wieder zugef\u00fchrt werde. Wobei hochentwickelte technologische und industrielle Produktionsprozesse zum Einsatz kommen.<\/p>\t\t\t\t\t\t\t\t<\/div>\n\t\t\t\t<\/div>\n\t\t\t\t<\/div>\n\t\t\t\t\t<\/div>\n\t\t\t\t<\/div>\n\t\t<div class=\"elementor-element elementor-element-3150194 e-flex e-con-boxed e-con e-parent\" data-id=\"3150194\" data-element_type=\"container\" data-settings=\"{&quot;background_background&quot;:&quot;classic&quot;}\">\n\t\t\t\t\t<div class=\"e-con-inner\">\n\t\t\t\t<div class=\"elementor-element elementor-element-d44cc64 elementor-widget elementor-widget-text-editor\" data-id=\"d44cc64\" data-element_type=\"widget\" data-widget_type=\"text-editor.default\">\n\t\t\t\t<div class=\"elementor-widget-container\">\n\t\t\t\t\t\t\t\t\t<p>\u00a0Aber vor allem bedeutet <strong>FrigAir ENGAGEMENT!<\/strong><\/p>\t\t\t\t\t\t\t\t<\/div>\n\t\t\t\t<\/div>\n\t\t\t\t<div class=\"elementor-element elementor-element-5e35637 elementor-widget elementor-widget-text-editor\" data-id=\"5e35637\" data-element_type=\"widget\" data-widget_type=\"text-editor.default\">\n\t\t\t\t<div class=\"elementor-widget-container\">\n\t\t\t\t\t\t\t\t\t<p><strong>Unsere Mitarbeiter sind unser wertvollstes Gut,<\/strong> weil sie jeden Tag mit Leidenschaft daran arbeiten, das Unternehmen wachsen zu lassen.<\/p>\t\t\t\t\t\t\t\t<\/div>\n\t\t\t\t<\/div>\n\t\t\t\t\t<\/div>\n\t\t\t\t<\/div>\n\t\t<div class=\"elementor-element elementor-element-7e238cb e-flex e-con-boxed e-con e-parent\" data-id=\"7e238cb\" data-element_type=\"container\" data-settings=\"{&quot;background_background&quot;:&quot;classic&quot;}\">\n\t\t\t\t\t<div class=\"e-con-inner\">\n\t\t<div class=\"elementor-element elementor-element-578bd5b e-con-full e-flex e-con e-child\" data-id=\"578bd5b\" data-element_type=\"container\" data-settings=\"{&quot;background_background&quot;:&quot;classic&quot;}\">\n\t\t\t\t<\/div>\n\t\t<div class=\"elementor-element elementor-element-ab9e79c e-con-full e-flex e-con e-child\" data-id=\"ab9e79c\" data-element_type=\"container\">\n\t\t<div class=\"elementor-element elementor-element-218f6595 e-con-full e-flex e-con e-child\" data-id=\"218f6595\" data-element_type=\"container\">\n\t\t<div class=\"elementor-element elementor-element-76a7f63 e-flex e-con-boxed e-con e-child\" data-id=\"76a7f63\" data-element_type=\"container\" data-settings=\"{&quot;background_background&quot;:&quot;classic&quot;}\">\n\t\t\t\t\t<div class=\"e-con-inner\">\n\t\t\t\t<div class=\"elementor-element elementor-element-22ddf39 elementor-widget elementor-widget-text-editor\" data-id=\"22ddf39\" data-element_type=\"widget\" data-widget_type=\"text-editor.default\">\n\t\t\t\t<div class=\"elementor-widget-container\">\n\t\t\t\t\t\t\t\t\t<p>Wir unterst\u00fctzen die neuen Generationen, f\u00f6rdern Innovationen an Universit\u00e4ten und bereiten uns auf die Zukunft der Fahrzeuge vor.<\/p>\t\t\t\t\t\t\t\t<\/div>\n\t\t\t\t<\/div>\n\t\t\t\t\t<\/div>\n\t\t\t\t<\/div>\n\t\t\t\t<div class=\"elementor-element elementor-element-c337d98 elementor-widget elementor-widget-text-editor\" data-id=\"c337d98\" data-element_type=\"widget\" data-widget_type=\"text-editor.default\">\n\t\t\t\t<div class=\"elementor-widget-container\">\n\t\t\t\t\t\t\t\t\t<p>Wir verpflichten uns, uns kontinuierlich neuen Herausforderungen zu stellen, der bevorzugte Partner unserer Kunden zu sein, aktiv an ihrem Gesch\u00e4ft teilzunehmen und ihr Leben einfacher zu machen.<\/p>\t\t\t\t\t\t\t\t<\/div>\n\t\t\t\t<\/div>\n\t\t\t\t<\/div>\n\t\t\t\t<\/div>\n\t\t\t\t\t<\/div>\n\t\t\t\t<\/div>\n\t\t<div class=\"elementor-element elementor-element-7b93319b e-con-full e-flex e-con e-parent\" data-id=\"7b93319b\" data-element_type=\"container\" data-settings=\"{&quot;background_background&quot;:&quot;classic&quot;}\">\n\t\t<div class=\"elementor-element elementor-element-38cb9fcc e-con-full e-flex e-con e-child\" data-id=\"38cb9fcc\" data-element_type=\"container\">\n\t\t\t\t<div class=\"elementor-element elementor-element-3655500f elementor-widget__width-initial elementor-widget elementor-widget-heading\" data-id=\"3655500f\" data-element_type=\"widget\" data-widget_type=\"heading.default\">\n\t\t\t\t<div class=\"elementor-widget-container\">\n\t\t\t\t\t<h2 class=\"elementor-heading-title elementor-size-default\">FOLGEN SIE UNS <br \/>\nAUF LINKEDIN<\/h2>\t\t\t\t<\/div>\n\t\t\t\t<\/div>\n\t\t\t\t<\/div>\n\t\t<div class=\"elementor-element elementor-element-43fa33c1 e-con-full e-flex e-con e-child\" data-id=\"43fa33c1\" data-element_type=\"container\">\n\t\t\t\t<div class=\"elementor-element elementor-element-3c93728 elementor-widget elementor-widget-button\" data-id=\"3c93728\" data-element_type=\"widget\" data-widget_type=\"button.default\">\n\t\t\t\t<div class=\"elementor-widget-container\">\n\t\t\t\t\t\t\t\t\t<div class=\"elementor-button-wrapper\">\n\t\t\t\t\t<a class=\"elementor-button elementor-button-link elementor-size-xl\" href=\"https:\/\/www.linkedin.com\/company\/frigairgroup\/\" target=\"_blank\">\n\t\t\t\t\t\t<span class=\"elementor-button-content-wrapper\">\n\t\t\t\t\t\t<span class=\"elementor-button-icon\">\n\t\t\t\t<svg aria-hidden=\"true\" class=\"e-font-icon-svg e-fab-linkedin\" viewBox=\"0 0 448 512\" xmlns=\"http:\/\/www.w3.org\/2000\/svg\"><path d=\"M416 32H31.9C14.3 32 0 46.5 0 64.3v383.4C0 465.5 14.3 480 31.9 480H416c17.6 0 32-14.5 32-32.3V64.3c0-17.8-14.4-32.3-32-32.3zM135.4 416H69V202.2h66.5V416zm-33.2-243c-21.3 0-38.5-17.3-38.5-38.5S80.9 96 102.2 96c21.2 0 38.5 17.3 38.5 38.5 0 21.3-17.2 38.5-38.5 38.5zm282.1 243h-66.4V312c0-24.8-.5-56.7-34.5-56.7-34.6 0-39.9 27-39.9 54.9V416h-66.4V202.2h63.7v29.2h.9c8.9-16.8 30.6-34.5 62.9-34.5 67.2 0 79.7 44.3 79.7 101.9V416z\"><\/path><\/svg>\t\t\t<\/span>\n\t\t\t\t\t\t\t\t\t<span class=\"elementor-button-text\">Klicken Sie hier!<\/span>\n\t\t\t\t\t<\/span>\n\t\t\t\t\t<\/a>\n\t\t\t\t<\/div>\n\t\t\t\t\t\t\t\t<\/div>\n\t\t\t\t<\/div>\n\t\t\t\t<\/div>\n\t\t<div class=\"elementor-element elementor-element-7478b9de e-con-full e-flex e-con e-child\" data-id=\"7478b9de\" data-element_type=\"container\">\n\t\t\t\t<div class=\"elementor-element elementor-element-17b4d496 elementor-widget elementor-widget-heading\" data-id=\"17b4d496\" data-element_type=\"widget\" data-widget_type=\"heading.default\">\n\t\t\t\t<div class=\"elementor-widget-container\">\n\t\t\t\t\t<h2 class=\"elementor-heading-title elementor-size-default\">YOUR<\/br>\nCOOLEST<\/br>\nSUPPLIER<\/h2>\t\t\t\t<\/div>\n\t\t\t\t<\/div>\n\t\t\t\t<\/div>\n\t\t\t\t<\/div>\n\t\t\t\t<\/div>\n\t\t","protected":false},"excerpt":{"rendered":"<p>\u00a0Heute bietet unser Unternehmen +10.000\u00a0Referenzen, internationaler Vertrieb von Ersatzteilen f\u00fcr die Motork\u00fchlung\u00a0Systeme und Klimaanlagen f\u00fcr PKW, NKW, Transporter, Landmaschinen und Baumaschinen Mit \u00fcber 20.000 qm kombinierte Lagerfl\u00e4che in Europa und zwei Produktionsst\u00e4tten zu erf\u00fcllen wir die Bed\u00fcrfnisse unserer Kunden mit Pr\u00e4zision und Zuverl\u00e4ssigkeit. UNSERE MISSION Unsere Mission ist es, unseren Kunden au\u00dfergew\u00f6hnliche Produkte und Dienstleistungen [&hellip;]<\/p>\n","protected":false},"author":1,"featured_media":0,"parent":0,"menu_order":0,"comment_status":"closed","ping_status":"closed","template":"","meta":{"_monsterinsights_skip_tracking":false,"_monsterinsights_sitenote_active":false,"_monsterinsights_sitenote_note":"","_monsterinsights_sitenote_category":0,"footnotes":""},"class_list":["post-7506","page","type-page","status-publish","hentry"],"aioseo_notices":[],"_links":{"self":[{"href":"https:\/\/www.frigair.com\/de\/wp-json\/wp\/v2\/pages\/7506","targetHints":{"allow":["GET"]}}],"collection":[{"href":"https:\/\/www.frigair.com\/de\/wp-json\/wp\/v2\/pages"}],"about":[{"href":"https:\/\/www.frigair.com\/de\/wp-json\/wp\/v2\/types\/page"}],"author":[{"embeddable":true,"href":"https:\/\/www.frigair.com\/de\/wp-json\/wp\/v2\/users\/1"}],"replies":[{"embeddable":true,"href":"https:\/\/www.frigair.com\/de\/wp-json\/wp\/v2\/comments?post=7506"}],"version-history":[{"count":62,"href":"https:\/\/www.frigair.com\/de\/wp-json\/wp\/v2\/pages\/7506\/revisions"}],"predecessor-version":[{"id":10605,"href":"https:\/\/www.frigair.com\/de\/wp-json\/wp\/v2\/pages\/7506\/revisions\/10605"}],"wp:attachment":[{"href":"https:\/\/www.frigair.com\/de\/wp-json\/wp\/v2\/media?parent=7506"}],"curies":[{"name":"wp","href":"https:\/\/api.w.org\/{rel}","templated":true}]}}