{"id":7440,"date":"2023-01-16T16:59:24","date_gmt":"2023-01-16T21:59:24","guid":{"rendered":"http:\/\/frigair.com\/?page_id=7440"},"modified":"2023-01-26T18:01:27","modified_gmt":"2023-01-26T23:01:27","slug":"kuehlerluefter","status":"publish","type":"page","link":"https:\/\/www.frigair.com\/de\/kuehlerluefter\/","title":{"rendered":"K\u00dcHLERL\u00dcFTER"},"content":{"rendered":"\t\t<div data-elementor-type=\"wp-page\" data-elementor-id=\"7440\" class=\"elementor elementor-7440 elementor-4263\" data-elementor-post-type=\"page\">\n\t\t\t\t<div class=\"elementor-element elementor-element-a8750f1 e-flex e-con-boxed e-con e-parent\" data-id=\"a8750f1\" data-element_type=\"container\">\n\t\t\t\t\t<div class=\"e-con-inner\">\n\t\t<div class=\"elementor-element elementor-element-7c7ceab e-con-full e-flex e-con e-parent\" data-id=\"7c7ceab\" data-element_type=\"container\">\n\t\t\t\t<div class=\"elementor-element elementor-element-63a3d44 elementor-widget elementor-widget-image\" data-id=\"63a3d44\" data-element_type=\"widget\" data-widget_type=\"image.default\">\n\t\t\t\t<div class=\"elementor-widget-container\">\n\t\t\t\t\t\t\t\t\t\t\t\t\t\t\t<img fetchpriority=\"high\" decoding=\"async\" width=\"800\" height=\"800\" src=\"https:\/\/www.frigair.com\/wp-content\/uploads\/2023\/01\/Category_HomeFan-3.jpg\" class=\"attachment-large size-large wp-image-5763\" alt=\"\" srcset=\"https:\/\/www.frigair.com\/wp-content\/uploads\/2023\/01\/Category_HomeFan-3.jpg 1024w, https:\/\/www.frigair.com\/wp-content\/uploads\/2023\/01\/Category_HomeFan-3-300x300.jpg 300w, https:\/\/www.frigair.com\/wp-content\/uploads\/2023\/01\/Category_HomeFan-3-150x150.jpg 150w, https:\/\/www.frigair.com\/wp-content\/uploads\/2023\/01\/Category_HomeFan-3-768x768.jpg 768w\" sizes=\"(max-width: 800px) 100vw, 800px\" \/>\t\t\t\t\t\t\t\t\t\t\t\t\t\t\t<\/div>\n\t\t\t\t<\/div>\n\t\t\t\t<\/div>\n\t\t<div class=\"elementor-element elementor-element-45ffc56 e-con-full e-flex e-con e-parent\" data-id=\"45ffc56\" data-element_type=\"container\">\n\t\t<div class=\"elementor-element elementor-element-d8be992 e-flex e-con-boxed e-con e-parent\" data-id=\"d8be992\" data-element_type=\"container\">\n\t\t\t\t\t<div class=\"e-con-inner\">\n\t\t\t\t<div class=\"elementor-element elementor-element-59e9805 elementor-widget elementor-widget-heading\" data-id=\"59e9805\" data-element_type=\"widget\" data-widget_type=\"heading.default\">\n\t\t\t\t<div class=\"elementor-widget-container\">\n\t\t\t\t\t<h2 class=\"elementor-heading-title elementor-size-default\">K\u00dcHLERL\u00dcFTER  <\/h2>\t\t\t\t<\/div>\n\t\t\t\t<\/div>\n\t\t\t\t<div class=\"elementor-element elementor-element-1a6acf2 elementor-widget-divider--view-line elementor-widget elementor-widget-divider\" data-id=\"1a6acf2\" data-element_type=\"widget\" data-widget_type=\"divider.default\">\n\t\t\t\t<div class=\"elementor-widget-container\">\n\t\t\t\t\t\t\t<div class=\"elementor-divider\">\n\t\t\t<span class=\"elementor-divider-separator\">\n\t\t\t\t\t\t<\/span>\n\t\t<\/div>\n\t\t\t\t\t\t<\/div>\n\t\t\t\t<\/div>\n\t\t\t\t<div class=\"elementor-element elementor-element-7f3db0a4 elementor-widget elementor-widget-text-editor\" data-id=\"7f3db0a4\" data-element_type=\"widget\" data-widget_type=\"text-editor.default\">\n\t\t\t\t<div class=\"elementor-widget-container\">\n\t\t\t\t\t\t\t\t\t<p>K\u00fchlerl\u00fcfter sind wesentliche Komponenten zur Steuerung der Motortemperatur.<\/p>\t\t\t\t\t\t\t\t<\/div>\n\t\t\t\t<\/div>\n\t\t\t\t<div class=\"elementor-element elementor-element-a50b86e elementor-widget elementor-widget-text-editor\" data-id=\"a50b86e\" data-element_type=\"widget\" data-widget_type=\"text-editor.default\">\n\t\t\t\t<div class=\"elementor-widget-container\">\n\t\t\t\t\t\t\t\t\t<p>In unserem Katalog haben wir ein komplettes Sortiment von fast 800 Ventilatoren unterschiedlicher Technologie und Bauart: Standardventilatoren, Elektrol\u00fcfter und Visco-L\u00fcfter f\u00fcr PKW, Transporter und NKW.<\/p>\t\t\t\t\t\t\t\t<\/div>\n\t\t\t\t<\/div>\n\t\t\t\t<div class=\"elementor-element elementor-element-7e93019 elementor-icon-list--layout-traditional elementor-list-item-link-full_width elementor-widget elementor-widget-icon-list\" data-id=\"7e93019\" data-element_type=\"widget\" data-widget_type=\"icon-list.default\">\n\t\t\t\t<div class=\"elementor-widget-container\">\n\t\t\t\t\t\t\t<ul class=\"elementor-icon-list-items\">\n\t\t\t\t\t\t\t<li class=\"elementor-icon-list-item\">\n\t\t\t\t\t\t\t\t\t\t\t<span class=\"elementor-icon-list-icon\">\n\t\t\t\t\t\t\t<svg aria-hidden=\"true\" class=\"e-font-icon-svg e-fas-circle\" viewBox=\"0 0 512 512\" xmlns=\"http:\/\/www.w3.org\/2000\/svg\"><path d=\"M256 8C119 8 8 119 8 256s111 248 248 248 248-111 248-248S393 8 256 8z\"><\/path><\/svg>\t\t\t\t\t\t<\/span>\n\t\t\t\t\t\t\t\t\t\t<span class=\"elementor-icon-list-text\">Standard-Elektrol\u00fcfter<\/span>\n\t\t\t\t\t\t\t\t\t<\/li>\n\t\t\t\t\t\t\t\t<li class=\"elementor-icon-list-item\">\n\t\t\t\t\t\t\t\t\t\t\t<span class=\"elementor-icon-list-icon\">\n\t\t\t\t\t\t\t<svg aria-hidden=\"true\" class=\"e-font-icon-svg e-fas-circle\" viewBox=\"0 0 512 512\" xmlns=\"http:\/\/www.w3.org\/2000\/svg\"><path d=\"M256 8C119 8 8 119 8 256s111 248 248 248 248-111 248-248S393 8 256 8z\"><\/path><\/svg>\t\t\t\t\t\t<\/span>\n\t\t\t\t\t\t\t\t\t\t<span class=\"elementor-icon-list-text\">Elektrol\u00fcfter<\/span>\n\t\t\t\t\t\t\t\t\t<\/li>\n\t\t\t\t\t\t\t\t<li class=\"elementor-icon-list-item\">\n\t\t\t\t\t\t\t\t\t\t\t<span class=\"elementor-icon-list-icon\">\n\t\t\t\t\t\t\t<svg aria-hidden=\"true\" class=\"e-font-icon-svg e-fas-circle\" viewBox=\"0 0 512 512\" xmlns=\"http:\/\/www.w3.org\/2000\/svg\"><path d=\"M256 8C119 8 8 119 8 256s111 248 248 248 248-111 248-248S393 8 256 8z\"><\/path><\/svg>\t\t\t\t\t\t<\/span>\n\t\t\t\t\t\t\t\t\t\t<span class=\"elementor-icon-list-text\">Visco L\u00fcfter<\/span>\n\t\t\t\t\t\t\t\t\t<\/li>\n\t\t\t\t\t\t<\/ul>\n\t\t\t\t\t\t<\/div>\n\t\t\t\t<\/div>\n\t\t\t\t\t<\/div>\n\t\t\t\t<\/div>\n\t\t\t\t<\/div>\n\t\t\t\t\t<\/div>\n\t\t\t\t<\/div>\n\t\t<div class=\"elementor-element elementor-element-e688fec e-flex e-con-boxed e-con e-parent\" data-id=\"e688fec\" data-element_type=\"container\">\n\t\t\t\t\t<div class=\"e-con-inner\">\n\t\t<div class=\"elementor-element elementor-element-57aa2abe animated-slow e-con-full e-flex elementor-invisible e-con e-parent\" data-id=\"57aa2abe\" data-element_type=\"container\" data-settings=\"{&quot;animation&quot;:&quot;fadeInUp&quot;,&quot;animation_delay&quot;:150}\">\n\t\t\t\t<div class=\"elementor-element elementor-element-aadbd3f elementor-widget elementor-widget-image\" data-id=\"aadbd3f\" data-element_type=\"widget\" data-widget_type=\"image.default\">\n\t\t\t\t<div class=\"elementor-widget-container\">\n\t\t\t\t\t\t\t\t\t\t\t\t\t\t\t<img decoding=\"async\" width=\"800\" height=\"551\" src=\"https:\/\/www.frigair.com\/wp-content\/uploads\/2023\/01\/AC-Parts-1-13-1024x705.jpg\" class=\"attachment-large size-large wp-image-4284\" alt=\"\" srcset=\"https:\/\/www.frigair.com\/wp-content\/uploads\/2023\/01\/AC-Parts-1-13-1024x705.jpg 1024w, https:\/\/www.frigair.com\/wp-content\/uploads\/2023\/01\/AC-Parts-1-13-300x207.jpg 300w, https:\/\/www.frigair.com\/wp-content\/uploads\/2023\/01\/AC-Parts-1-13-768x529.jpg 768w, https:\/\/www.frigair.com\/wp-content\/uploads\/2023\/01\/AC-Parts-1-13-320x220.jpg 320w, https:\/\/www.frigair.com\/wp-content\/uploads\/2023\/01\/AC-Parts-1-13.jpg 1407w\" sizes=\"(max-width: 800px) 100vw, 800px\" \/>\t\t\t\t\t\t\t\t\t\t\t\t\t\t\t<\/div>\n\t\t\t\t<\/div>\n\t\t\t\t<\/div>\n\t\t<div class=\"elementor-element elementor-element-4b771c8 animated-slow e-con-full e-flex elementor-invisible e-con e-parent\" data-id=\"4b771c8\" data-element_type=\"container\" data-settings=\"{&quot;animation&quot;:&quot;fadeInUp&quot;,&quot;animation_delay&quot;:150}\">\n\t\t\t\t<div class=\"elementor-element elementor-element-1a53fdc elementor-widget elementor-widget-image\" data-id=\"1a53fdc\" data-element_type=\"widget\" data-widget_type=\"image.default\">\n\t\t\t\t<div class=\"elementor-widget-container\">\n\t\t\t\t\t\t\t\t\t\t\t\t\t\t\t<img decoding=\"async\" width=\"800\" height=\"551\" src=\"https:\/\/www.frigair.com\/wp-content\/uploads\/2023\/01\/AC-Parts-1-14revB-1024x705.jpg\" class=\"attachment-large size-large wp-image-6922\" alt=\"\" srcset=\"https:\/\/www.frigair.com\/wp-content\/uploads\/2023\/01\/AC-Parts-1-14revB-1024x705.jpg 1024w, https:\/\/www.frigair.com\/wp-content\/uploads\/2023\/01\/AC-Parts-1-14revB-300x207.jpg 300w, https:\/\/www.frigair.com\/wp-content\/uploads\/2023\/01\/AC-Parts-1-14revB-768x529.jpg 768w, https:\/\/www.frigair.com\/wp-content\/uploads\/2023\/01\/AC-Parts-1-14revB.jpg 1407w\" sizes=\"(max-width: 800px) 100vw, 800px\" \/>\t\t\t\t\t\t\t\t\t\t\t\t\t\t\t<\/div>\n\t\t\t\t<\/div>\n\t\t\t\t<\/div>\n\t\t<div class=\"elementor-element elementor-element-5b3bab5 animated-slow e-con-full e-flex elementor-invisible e-con e-parent\" data-id=\"5b3bab5\" data-element_type=\"container\" data-settings=\"{&quot;animation&quot;:&quot;fadeInUp&quot;,&quot;animation_delay&quot;:150}\">\n\t\t\t\t<div class=\"elementor-element elementor-element-bbf8273 elementor-widget elementor-widget-image\" data-id=\"bbf8273\" data-element_type=\"widget\" data-widget_type=\"image.default\">\n\t\t\t\t<div class=\"elementor-widget-container\">\n\t\t\t\t\t\t\t\t\t\t\t\t\t\t\t<img loading=\"lazy\" decoding=\"async\" width=\"800\" height=\"551\" src=\"https:\/\/www.frigair.com\/wp-content\/uploads\/2023\/01\/AC-Parts-1-14-1024x705.jpg\" class=\"attachment-large size-large wp-image-4294\" alt=\"\" srcset=\"https:\/\/www.frigair.com\/wp-content\/uploads\/2023\/01\/AC-Parts-1-14-1024x705.jpg 1024w, https:\/\/www.frigair.com\/wp-content\/uploads\/2023\/01\/AC-Parts-1-14-300x207.jpg 300w, https:\/\/www.frigair.com\/wp-content\/uploads\/2023\/01\/AC-Parts-1-14-768x529.jpg 768w, https:\/\/www.frigair.com\/wp-content\/uploads\/2023\/01\/AC-Parts-1-14-320x220.jpg 320w, https:\/\/www.frigair.com\/wp-content\/uploads\/2023\/01\/AC-Parts-1-14.jpg 1407w\" sizes=\"(max-width: 800px) 100vw, 800px\" \/>\t\t\t\t\t\t\t\t\t\t\t\t\t\t\t<\/div>\n\t\t\t\t<\/div>\n\t\t\t\t<\/div>\n\t\t\t\t\t<\/div>\n\t\t\t\t<\/div>\n\t\t\t\t<\/div>\n\t\t","protected":false},"excerpt":{"rendered":"<p>K\u00dcHLERL\u00dcFTER K\u00fchlerl\u00fcfter sind wesentliche Komponenten zur Steuerung der Motortemperatur. In unserem Katalog haben wir ein komplettes Sortiment von fast 800 Ventilatoren unterschiedlicher Technologie und Bauart: Standardventilatoren, Elektrol\u00fcfter und Visco-L\u00fcfter f\u00fcr PKW, Transporter und NKW. Standard-Elektrol\u00fcfter Elektrol\u00fcfter Visco L\u00fcfter<\/p>\n","protected":false},"author":1,"featured_media":0,"parent":0,"menu_order":0,"comment_status":"closed","ping_status":"closed","template":"","meta":{"_monsterinsights_skip_tracking":false,"_monsterinsights_sitenote_active":false,"_monsterinsights_sitenote_note":"","_monsterinsights_sitenote_category":0,"footnotes":""},"class_list":["post-7440","page","type-page","status-publish","hentry"],"aioseo_notices":[],"_links":{"self":[{"href":"https:\/\/www.frigair.com\/de\/wp-json\/wp\/v2\/pages\/7440","targetHints":{"allow":["GET"]}}],"collection":[{"href":"https:\/\/www.frigair.com\/de\/wp-json\/wp\/v2\/pages"}],"about":[{"href":"https:\/\/www.frigair.com\/de\/wp-json\/wp\/v2\/types\/page"}],"author":[{"embeddable":true,"href":"https:\/\/www.frigair.com\/de\/wp-json\/wp\/v2\/users\/1"}],"replies":[{"embeddable":true,"href":"https:\/\/www.frigair.com\/de\/wp-json\/wp\/v2\/comments?post=7440"}],"version-history":[{"count":4,"href":"https:\/\/www.frigair.com\/de\/wp-json\/wp\/v2\/pages\/7440\/revisions"}],"predecessor-version":[{"id":7445,"href":"https:\/\/www.frigair.com\/de\/wp-json\/wp\/v2\/pages\/7440\/revisions\/7445"}],"wp:attachment":[{"href":"https:\/\/www.frigair.com\/de\/wp-json\/wp\/v2\/media?parent=7440"}],"curies":[{"name":"wp","href":"https:\/\/api.w.org\/{rel}","templated":true}]}}