{"id":7402,"date":"2023-01-16T11:23:58","date_gmt":"2023-01-16T16:23:58","guid":{"rendered":"http:\/\/frigair.com\/?page_id=7402"},"modified":"2023-01-26T17:49:19","modified_gmt":"2023-01-26T22:49:19","slug":"thermische-produkte","status":"publish","type":"page","link":"https:\/\/www.frigair.com\/de\/thermische-produkte\/","title":{"rendered":"Thermische Produkte"},"content":{"rendered":"\t\t<div data-elementor-type=\"wp-page\" data-elementor-id=\"7402\" class=\"elementor elementor-7402 elementor-3571\" data-elementor-post-type=\"page\">\n\t\t\t\t<div class=\"elementor-element elementor-element-a8750f1 e-flex e-con-boxed e-con e-parent\" data-id=\"a8750f1\" data-element_type=\"container\">\n\t\t\t\t\t<div class=\"e-con-inner\">\n\t\t<div class=\"elementor-element elementor-element-7c7ceab e-con-full e-flex e-con e-parent\" data-id=\"7c7ceab\" data-element_type=\"container\">\n\t\t\t\t<div class=\"elementor-element elementor-element-63a3d44 elementor-widget elementor-widget-image\" data-id=\"63a3d44\" data-element_type=\"widget\" data-widget_type=\"image.default\">\n\t\t\t\t<div class=\"elementor-widget-container\">\n\t\t\t\t\t\t\t\t\t\t\t\t\t\t\t<img fetchpriority=\"high\" decoding=\"async\" width=\"800\" height=\"800\" src=\"https:\/\/www.frigair.com\/wp-content\/uploads\/2023\/01\/Category_HomeTHERMAL-3.jpg\" class=\"attachment-large size-large wp-image-5758\" alt=\"\" srcset=\"https:\/\/www.frigair.com\/wp-content\/uploads\/2023\/01\/Category_HomeTHERMAL-3.jpg 1024w, https:\/\/www.frigair.com\/wp-content\/uploads\/2023\/01\/Category_HomeTHERMAL-3-300x300.jpg 300w, https:\/\/www.frigair.com\/wp-content\/uploads\/2023\/01\/Category_HomeTHERMAL-3-150x150.jpg 150w, https:\/\/www.frigair.com\/wp-content\/uploads\/2023\/01\/Category_HomeTHERMAL-3-768x768.jpg 768w\" sizes=\"(max-width: 800px) 100vw, 800px\" \/>\t\t\t\t\t\t\t\t\t\t\t\t\t\t\t<\/div>\n\t\t\t\t<\/div>\n\t\t\t\t<\/div>\n\t\t<div class=\"elementor-element elementor-element-45ffc56 e-con-full e-flex e-con e-parent\" data-id=\"45ffc56\" data-element_type=\"container\">\n\t\t<div class=\"elementor-element elementor-element-d8be992 e-flex e-con-boxed e-con e-parent\" data-id=\"d8be992\" data-element_type=\"container\">\n\t\t\t\t\t<div class=\"e-con-inner\">\n\t\t\t\t<div class=\"elementor-element elementor-element-59e9805 elementor-widget elementor-widget-heading\" data-id=\"59e9805\" data-element_type=\"widget\" data-widget_type=\"heading.default\">\n\t\t\t\t<div class=\"elementor-widget-container\">\n\t\t\t\t\t<h2 class=\"elementor-heading-title elementor-size-default\">Thermische Produkte<\/h2>\t\t\t\t<\/div>\n\t\t\t\t<\/div>\n\t\t\t\t<div class=\"elementor-element elementor-element-1a6acf2 elementor-widget-divider--view-line elementor-widget elementor-widget-divider\" data-id=\"1a6acf2\" data-element_type=\"widget\" data-widget_type=\"divider.default\">\n\t\t\t\t<div class=\"elementor-widget-container\">\n\t\t\t\t\t\t\t<div class=\"elementor-divider\">\n\t\t\t<span class=\"elementor-divider-separator\">\n\t\t\t\t\t\t<\/span>\n\t\t<\/div>\n\t\t\t\t\t\t<\/div>\n\t\t\t\t<\/div>\n\t\t\t\t<div class=\"elementor-element elementor-element-7f3db0a4 elementor-widget elementor-widget-text-editor\" data-id=\"7f3db0a4\" data-element_type=\"widget\" data-widget_type=\"text-editor.default\">\n\t\t\t\t<div class=\"elementor-widget-container\">\n\t\t\t\t\t\t\t\t\t<p>K\u00dcHLER<\/p>\t\t\t\t\t\t\t\t<\/div>\n\t\t\t\t<\/div>\n\t\t\t\t<div class=\"elementor-element elementor-element-e64fdad elementor-widget elementor-widget-text-editor\" data-id=\"e64fdad\" data-element_type=\"widget\" data-widget_type=\"text-editor.default\">\n\t\t\t\t<div class=\"elementor-widget-container\">\n\t\t\t\t\t\t\t\t\t<p>Die K\u00fchler sind die wichtigsten Bauteile des Motork\u00fchlsystems, sie sind f\u00fcr das korrekte Funktionieren des Fahrzeugs und Motors unerl\u00e4sslich und erfordern eine st\u00e4ndige Wartung.<\/p><p>K\u00fchler sind das Kerngesch\u00e4ft von FrigAir. In unserem Katalog finden Sie verschiedene Referenzen, mit verschiedenen konstruktiv bedingten Technologien, gel\u00f6teter Aluminium K\u00fchler oder mechanischem gefertigter Aluminium K\u00fchler.<\/p><p>Die engen Partnerschaften mit unseren Fabriken und den wichtigsten Herstellern in der Branche helfen uns, die Qualit\u00e4t der Produkte zu garantieren und permanent zu verbessern<\/p><p>Unser Angebot an K\u00fchlern besteht aus mehr als 1.600 Referenzen, die fast 80% des Fahrzeugparks abdecken.<\/p><p>Produkte f\u00fcr PKW (einschlie\u00dflich E-Fahrzeuge), Transporter, NKW, Busse, Landmaschinen und Baumaschinen.<\/p>\t\t\t\t\t\t\t\t<\/div>\n\t\t\t\t<\/div>\n\t\t\t\t\t<\/div>\n\t\t\t\t<\/div>\n\t\t\t\t<\/div>\n\t\t\t\t\t<\/div>\n\t\t\t\t<\/div>\n\t\t<div class=\"elementor-element elementor-element-6ac0b21 e-flex e-con-boxed e-con e-parent\" data-id=\"6ac0b21\" data-element_type=\"container\">\n\t\t\t\t\t<div class=\"e-con-inner\">\n\t\t<div class=\"elementor-element elementor-element-892c5fe e-con-full e-flex e-con e-parent\" data-id=\"892c5fe\" data-element_type=\"container\">\n\t\t<div class=\"elementor-element elementor-element-d87995f e-flex e-con-boxed e-con e-parent\" data-id=\"d87995f\" data-element_type=\"container\">\n\t\t\t\t\t<div class=\"e-con-inner\">\n\t\t\t\t<div class=\"elementor-element elementor-element-b1404e8 elementor-widget elementor-widget-text-editor\" data-id=\"b1404e8\" data-element_type=\"widget\" data-widget_type=\"text-editor.default\">\n\t\t\t\t<div class=\"elementor-widget-container\">\n\t\t\t\t\t\t\t\t\t<p>\u00d6LK\u00dcHLER<\/p>\t\t\t\t\t\t\t\t<\/div>\n\t\t\t\t<\/div>\n\t\t\t\t<div class=\"elementor-element elementor-element-33d94c7 elementor-widget elementor-widget-text-editor\" data-id=\"33d94c7\" data-element_type=\"widget\" data-widget_type=\"text-editor.default\">\n\t\t\t\t<div class=\"elementor-widget-container\">\n\t\t\t\t\t\t\t\t\t<p>\u00d6lk\u00fchler halten dem Motor spezifische \u00d6ltemperatur aufrecht, was nicht nur wichtig ist, um das \u00d6l in seinem richtigen Schmierzustand zu halten, sondern auch, um den K\u00fchler dabei zu unterst\u00fctzen, den Motor in seinem Kennfeld arbeiten zulassen.<\/p><p>Die \u00d6lk\u00fchler sind ein wichtiges Werkzeug f\u00fcr den Motor und erfordern eine ordnungsgem\u00e4\u00dfe Wartung.<\/p><p>Wir haben fast 200 \u00d6lk\u00fchler in unserem Programm, f\u00fcr Motor und Getriebe, f\u00fcr Autos und Nutzfahrzeuge.<\/p><p>Die meisten dieser Produkte werden mit Installations-Kit und O-Ringen geliefert.<\/p>\t\t\t\t\t\t\t\t<\/div>\n\t\t\t\t<\/div>\n\t\t\t\t\t<\/div>\n\t\t\t\t<\/div>\n\t\t\t\t<\/div>\n\t\t<div class=\"elementor-element elementor-element-0b1dddc e-con-full e-flex e-con e-parent\" data-id=\"0b1dddc\" data-element_type=\"container\">\n\t\t\t\t<div class=\"elementor-element elementor-element-bbf3c56 elementor-widget elementor-widget-image\" data-id=\"bbf3c56\" data-element_type=\"widget\" data-widget_type=\"image.default\">\n\t\t\t\t<div class=\"elementor-widget-container\">\n\t\t\t\t\t\t\t\t\t\t\t\t\t\t\t<img decoding=\"async\" width=\"800\" height=\"534\" src=\"https:\/\/www.frigair.com\/wp-content\/uploads\/2023\/01\/oilcooler-vansOK-1024x683.jpg\" class=\"attachment-large size-large wp-image-3867\" alt=\"\" srcset=\"https:\/\/www.frigair.com\/wp-content\/uploads\/2023\/01\/oilcooler-vansOK-1024x683.jpg 1024w, https:\/\/www.frigair.com\/wp-content\/uploads\/2023\/01\/oilcooler-vansOK-300x200.jpg 300w, https:\/\/www.frigair.com\/wp-content\/uploads\/2023\/01\/oilcooler-vansOK-768x512.jpg 768w, https:\/\/www.frigair.com\/wp-content\/uploads\/2023\/01\/oilcooler-vansOK-1536x1024.jpg 1536w, https:\/\/www.frigair.com\/wp-content\/uploads\/2023\/01\/oilcooler-vansOK-2048x1365.jpg 2048w\" sizes=\"(max-width: 800px) 100vw, 800px\" \/>\t\t\t\t\t\t\t\t\t\t\t\t\t\t\t<\/div>\n\t\t\t\t<\/div>\n\t\t\t\t<\/div>\n\t\t\t\t\t<\/div>\n\t\t\t\t<\/div>\n\t\t<div class=\"elementor-element elementor-element-e688fec e-flex e-con-boxed e-con e-parent\" data-id=\"e688fec\" data-element_type=\"container\">\n\t\t\t\t\t<div class=\"e-con-inner\">\n\t\t<div class=\"elementor-element elementor-element-57aa2abe animated-slow e-con-full e-flex elementor-invisible e-con e-parent\" data-id=\"57aa2abe\" data-element_type=\"container\" data-settings=\"{&quot;animation&quot;:&quot;fadeInUp&quot;,&quot;animation_delay&quot;:150}\">\n\t\t\t\t<div class=\"elementor-element elementor-element-0b0f4f9 elementor-widget elementor-widget-image\" data-id=\"0b0f4f9\" data-element_type=\"widget\" data-widget_type=\"image.default\">\n\t\t\t\t<div class=\"elementor-widget-container\">\n\t\t\t\t\t\t\t\t\t\t\t\t\t\t\t<img decoding=\"async\" width=\"800\" height=\"551\" src=\"https:\/\/www.frigair.com\/wp-content\/uploads\/2023\/01\/Thermal-Products_1-1024x705.jpg\" class=\"attachment-large size-large wp-image-3922\" alt=\"\" srcset=\"https:\/\/www.frigair.com\/wp-content\/uploads\/2023\/01\/Thermal-Products_1-1024x705.jpg 1024w, https:\/\/www.frigair.com\/wp-content\/uploads\/2023\/01\/Thermal-Products_1-300x207.jpg 300w, https:\/\/www.frigair.com\/wp-content\/uploads\/2023\/01\/Thermal-Products_1-768x529.jpg 768w, https:\/\/www.frigair.com\/wp-content\/uploads\/2023\/01\/Thermal-Products_1-320x220.jpg 320w, https:\/\/www.frigair.com\/wp-content\/uploads\/2023\/01\/Thermal-Products_1.jpg 1407w\" sizes=\"(max-width: 800px) 100vw, 800px\" \/>\t\t\t\t\t\t\t\t\t\t\t\t\t\t\t<\/div>\n\t\t\t\t<\/div>\n\t\t\t\t<div class=\"elementor-element elementor-element-72e64c6 elementor-widget elementor-widget-text-editor\" data-id=\"72e64c6\" data-element_type=\"widget\" data-widget_type=\"text-editor.default\">\n\t\t\t\t<div class=\"elementor-widget-container\">\n\t\t\t\t\t\t\t\t\t<p>LADELUFTK\u00dcKLER<\/p>\t\t\t\t\t\t\t\t<\/div>\n\t\t\t\t<\/div>\n\t\t\t\t<div class=\"elementor-element elementor-element-c97562d elementor-widget elementor-widget-text-editor\" data-id=\"c97562d\" data-element_type=\"widget\" data-widget_type=\"text-editor.default\">\n\t\t\t\t<div class=\"elementor-widget-container\">\n\t\t\t\t\t\t\t\t\t<p>Komplettes Sortiment an Ladeluftk\u00fchlern f\u00fcr PKW, Transporter, NKW und Busse, wir erweitern unser Angebot f\u00fcr Landmaschinen und Baumaschinen<\/p>\t\t\t\t\t\t\t\t<\/div>\n\t\t\t\t<\/div>\n\t\t\t\t<\/div>\n\t\t<div class=\"elementor-element elementor-element-71f38066 animated-slow e-con-full e-flex elementor-invisible e-con e-parent\" data-id=\"71f38066\" data-element_type=\"container\" data-settings=\"{&quot;animation&quot;:&quot;fadeInUp&quot;,&quot;animation_delay&quot;:150}\">\n\t\t\t\t<div class=\"elementor-element elementor-element-beb88da elementor-widget elementor-widget-image\" data-id=\"beb88da\" data-element_type=\"widget\" data-widget_type=\"image.default\">\n\t\t\t\t<div class=\"elementor-widget-container\">\n\t\t\t\t\t\t\t\t\t\t\t\t\t\t\t<img loading=\"lazy\" decoding=\"async\" width=\"800\" height=\"551\" src=\"https:\/\/www.frigair.com\/wp-content\/uploads\/2023\/01\/Thermal-Products_1-1-1024x705.jpg\" class=\"attachment-large size-large wp-image-3917\" alt=\"\" srcset=\"https:\/\/www.frigair.com\/wp-content\/uploads\/2023\/01\/Thermal-Products_1-1-1024x705.jpg 1024w, https:\/\/www.frigair.com\/wp-content\/uploads\/2023\/01\/Thermal-Products_1-1-300x207.jpg 300w, https:\/\/www.frigair.com\/wp-content\/uploads\/2023\/01\/Thermal-Products_1-1-768x529.jpg 768w, https:\/\/www.frigair.com\/wp-content\/uploads\/2023\/01\/Thermal-Products_1-1-320x220.jpg 320w, https:\/\/www.frigair.com\/wp-content\/uploads\/2023\/01\/Thermal-Products_1-1.jpg 1407w\" sizes=\"(max-width: 800px) 100vw, 800px\" \/>\t\t\t\t\t\t\t\t\t\t\t\t\t\t\t<\/div>\n\t\t\t\t<\/div>\n\t\t\t\t<div class=\"elementor-element elementor-element-6d61e34 elementor-widget elementor-widget-text-editor\" data-id=\"6d61e34\" data-element_type=\"widget\" data-widget_type=\"text-editor.default\">\n\t\t\t\t<div class=\"elementor-widget-container\">\n\t\t\t\t\t\t\t\t\t<p>FROSTSCHUTZMITTEL<\/p>\t\t\t\t\t\t\t\t<\/div>\n\t\t\t\t<\/div>\n\t\t\t\t<div class=\"elementor-element elementor-element-244923d elementor-widget elementor-widget-text-editor\" data-id=\"244923d\" data-element_type=\"widget\" data-widget_type=\"text-editor.default\">\n\t\t\t\t<div class=\"elementor-widget-container\">\n\t\t\t\t\t\t\t\t\t<p>Unser Sortiment an Frostschutzmitteln ist f\u00fcr alle Fahrzeugtypen geeignet, einschlie\u00dflich Hybrid- und Elektrofahrzeuge.<\/p>\t\t\t\t\t\t\t\t<\/div>\n\t\t\t\t<\/div>\n\t\t\t\t<\/div>\n\t\t\t\t\t<\/div>\n\t\t\t\t<\/div>\n\t\t<div class=\"elementor-element elementor-element-d1fa937 e-flex e-con-boxed e-con e-parent\" data-id=\"d1fa937\" data-element_type=\"container\">\n\t\t\t\t\t<div class=\"e-con-inner\">\n\t\t<div class=\"elementor-element elementor-element-f743e21 e-con-full e-flex e-con e-parent\" data-id=\"f743e21\" data-element_type=\"container\">\n\t\t\t\t<div class=\"elementor-element elementor-element-f1950a7 elementor-widget elementor-widget-image-carousel\" data-id=\"f1950a7\" data-element_type=\"widget\" data-settings=\"{&quot;slides_to_show&quot;:&quot;1&quot;,&quot;navigation&quot;:&quot;none&quot;,&quot;autoplay_speed&quot;:3500,&quot;autoplay&quot;:&quot;yes&quot;,&quot;pause_on_hover&quot;:&quot;yes&quot;,&quot;pause_on_interaction&quot;:&quot;yes&quot;,&quot;infinite&quot;:&quot;yes&quot;,&quot;effect&quot;:&quot;slide&quot;,&quot;speed&quot;:500}\" data-widget_type=\"image-carousel.default\">\n\t\t\t\t<div class=\"elementor-widget-container\">\n\t\t\t\t\t\t\t<div class=\"elementor-image-carousel-wrapper swiper\" role=\"region\" aria-roledescription=\"carousel\" aria-label=\"Bild Karussell\" dir=\"ltr\">\n\t\t\t<div class=\"elementor-image-carousel swiper-wrapper\" aria-live=\"off\">\n\t\t\t\t\t\t\t\t<div class=\"swiper-slide\" role=\"group\" aria-roledescription=\"slide\" aria-label=\"1 von 2\"><figure class=\"swiper-slide-inner\"><img decoding=\"async\" class=\"swiper-slide-image\" src=\"https:\/\/www.frigair.com\/wp-content\/uploads\/2023\/01\/expansion-tankOk-600x450.jpg\" alt=\"expansion-tankOk\" \/><\/figure><\/div><div class=\"swiper-slide\" role=\"group\" aria-roledescription=\"slide\" aria-label=\"2 von 2\"><figure class=\"swiper-slide-inner\"><img decoding=\"async\" class=\"swiper-slide-image\" src=\"https:\/\/www.frigair.com\/wp-content\/uploads\/2023\/01\/tappi-radiatoreOK-600x450.jpg\" alt=\"tappi-radiatoreOK\" \/><\/figure><\/div>\t\t\t<\/div>\n\t\t\t\t\t\t\t\n\t\t\t\t\t\t\t\t\t<\/div>\n\t\t\t\t\t\t<\/div>\n\t\t\t\t<\/div>\n\t\t\t\t<\/div>\n\t\t<div class=\"elementor-element elementor-element-30aebf1 e-con-full e-flex e-con e-parent\" data-id=\"30aebf1\" data-element_type=\"container\">\n\t\t<div class=\"elementor-element elementor-element-0aae38e e-flex e-con-boxed e-con e-parent\" data-id=\"0aae38e\" data-element_type=\"container\">\n\t\t\t\t\t<div class=\"e-con-inner\">\n\t\t\t\t<div class=\"elementor-element elementor-element-94de8f7 elementor-widget elementor-widget-text-editor\" data-id=\"94de8f7\" data-element_type=\"widget\" data-widget_type=\"text-editor.default\">\n\t\t\t\t<div class=\"elementor-widget-container\">\n\t\t\t\t\t\t\t\t\t<p>ANDERE THERMISCHE PRODUKTE<\/p>\t\t\t\t\t\t\t\t<\/div>\n\t\t\t\t<\/div>\n\t\t\t\t<div class=\"elementor-element elementor-element-ba609e9 elementor-widget elementor-widget-text-editor\" data-id=\"ba609e9\" data-element_type=\"widget\" data-widget_type=\"text-editor.default\">\n\t\t\t\t<div class=\"elementor-widget-container\">\n\t\t\t\t\t\t\t\t\t<p>Viele weitere Fahrzeugk\u00fchlsystem-Komponenten und Zubeh\u00f6r finden Sie in unserem Sortiment:<\/p>\t\t\t\t\t\t\t\t<\/div>\n\t\t\t\t<\/div>\n\t\t\t\t<div class=\"elementor-element elementor-element-5d46529 elementor-icon-list--layout-traditional elementor-list-item-link-full_width elementor-widget elementor-widget-icon-list\" data-id=\"5d46529\" data-element_type=\"widget\" data-widget_type=\"icon-list.default\">\n\t\t\t\t<div class=\"elementor-widget-container\">\n\t\t\t\t\t\t\t<ul class=\"elementor-icon-list-items\">\n\t\t\t\t\t\t\t<li class=\"elementor-icon-list-item\">\n\t\t\t\t\t\t\t\t\t\t\t<span class=\"elementor-icon-list-icon\">\n\t\t\t\t\t\t\t<svg aria-hidden=\"true\" class=\"e-font-icon-svg e-fas-circle\" viewBox=\"0 0 512 512\" xmlns=\"http:\/\/www.w3.org\/2000\/svg\"><path d=\"M256 8C119 8 8 119 8 256s111 248 248 248 248-111 248-248S393 8 256 8z\"><\/path><\/svg>\t\t\t\t\t\t<\/span>\n\t\t\t\t\t\t\t\t\t\t<span class=\"elementor-icon-list-text\">Ausgleichsbeh\u00e4lter<\/span>\n\t\t\t\t\t\t\t\t\t<\/li>\n\t\t\t\t\t\t\t\t<li class=\"elementor-icon-list-item\">\n\t\t\t\t\t\t\t\t\t\t\t<span class=\"elementor-icon-list-icon\">\n\t\t\t\t\t\t\t<svg aria-hidden=\"true\" class=\"e-font-icon-svg e-fas-circle\" viewBox=\"0 0 512 512\" xmlns=\"http:\/\/www.w3.org\/2000\/svg\"><path d=\"M256 8C119 8 8 119 8 256s111 248 248 248 248-111 248-248S393 8 256 8z\"><\/path><\/svg>\t\t\t\t\t\t<\/span>\n\t\t\t\t\t\t\t\t\t\t<span class=\"elementor-icon-list-text\">Ausgleichsbeh\u00e4lter f\u00fcr NKW<\/span>\n\t\t\t\t\t\t\t\t\t<\/li>\n\t\t\t\t\t\t\t\t<li class=\"elementor-icon-list-item\">\n\t\t\t\t\t\t\t\t\t\t\t<span class=\"elementor-icon-list-icon\">\n\t\t\t\t\t\t\t<svg aria-hidden=\"true\" class=\"e-font-icon-svg e-fas-circle\" viewBox=\"0 0 512 512\" xmlns=\"http:\/\/www.w3.org\/2000\/svg\"><path d=\"M256 8C119 8 8 119 8 256s111 248 248 248 248-111 248-248S393 8 256 8z\"><\/path><\/svg>\t\t\t\t\t\t<\/span>\n\t\t\t\t\t\t\t\t\t\t<span class=\"elementor-icon-list-text\">K\u00fchlerdeckel<\/span>\n\t\t\t\t\t\t\t\t\t<\/li>\n\t\t\t\t\t\t\t\t<li class=\"elementor-icon-list-item\">\n\t\t\t\t\t\t\t\t\t\t\t<span class=\"elementor-icon-list-icon\">\n\t\t\t\t\t\t\t<svg aria-hidden=\"true\" class=\"e-font-icon-svg e-fas-circle\" viewBox=\"0 0 512 512\" xmlns=\"http:\/\/www.w3.org\/2000\/svg\"><path d=\"M256 8C119 8 8 119 8 256s111 248 248 248 248-111 248-248S393 8 256 8z\"><\/path><\/svg>\t\t\t\t\t\t<\/span>\n\t\t\t\t\t\t\t\t\t\t<span class=\"elementor-icon-list-text\">Thermoschalter<\/span>\n\t\t\t\t\t\t\t\t\t<\/li>\n\t\t\t\t\t\t\t\t<li class=\"elementor-icon-list-item\">\n\t\t\t\t\t\t\t\t\t\t\t<span class=\"elementor-icon-list-icon\">\n\t\t\t\t\t\t\t<svg aria-hidden=\"true\" class=\"e-font-icon-svg e-fas-circle\" viewBox=\"0 0 512 512\" xmlns=\"http:\/\/www.w3.org\/2000\/svg\"><path d=\"M256 8C119 8 8 119 8 256s111 248 248 248 248-111 248-248S393 8 256 8z\"><\/path><\/svg>\t\t\t\t\t\t<\/span>\n\t\t\t\t\t\t\t\t\t\t<span class=\"elementor-icon-list-text\">Thermisches Zubeh\u00f6r<\/span>\n\t\t\t\t\t\t\t\t\t<\/li>\n\t\t\t\t\t\t<\/ul>\n\t\t\t\t\t\t<\/div>\n\t\t\t\t<\/div>\n\t\t\t\t\t<\/div>\n\t\t\t\t<\/div>\n\t\t\t\t<\/div>\n\t\t\t\t\t<\/div>\n\t\t\t\t<\/div>\n\t\t\t\t<\/div>\n\t\t","protected":false},"excerpt":{"rendered":"<p>Thermische Produkte K\u00dcHLER Die K\u00fchler sind die wichtigsten Bauteile des Motork\u00fchlsystems, sie sind f\u00fcr das korrekte Funktionieren des Fahrzeugs und Motors unerl\u00e4sslich und erfordern eine st\u00e4ndige Wartung. K\u00fchler sind das Kerngesch\u00e4ft von FrigAir. In unserem Katalog finden Sie verschiedene Referenzen, mit verschiedenen konstruktiv bedingten Technologien, gel\u00f6teter Aluminium K\u00fchler oder mechanischem gefertigter Aluminium K\u00fchler. Die engen [&hellip;]<\/p>\n","protected":false},"author":1,"featured_media":0,"parent":0,"menu_order":0,"comment_status":"closed","ping_status":"closed","template":"","meta":{"_monsterinsights_skip_tracking":false,"_monsterinsights_sitenote_active":false,"_monsterinsights_sitenote_note":"","_monsterinsights_sitenote_category":0,"footnotes":""},"class_list":["post-7402","page","type-page","status-publish","hentry"],"aioseo_notices":[],"_links":{"self":[{"href":"https:\/\/www.frigair.com\/de\/wp-json\/wp\/v2\/pages\/7402","targetHints":{"allow":["GET"]}}],"collection":[{"href":"https:\/\/www.frigair.com\/de\/wp-json\/wp\/v2\/pages"}],"about":[{"href":"https:\/\/www.frigair.com\/de\/wp-json\/wp\/v2\/types\/page"}],"author":[{"embeddable":true,"href":"https:\/\/www.frigair.com\/de\/wp-json\/wp\/v2\/users\/1"}],"replies":[{"embeddable":true,"href":"https:\/\/www.frigair.com\/de\/wp-json\/wp\/v2\/comments?post=7402"}],"version-history":[{"count":4,"href":"https:\/\/www.frigair.com\/de\/wp-json\/wp\/v2\/pages\/7402\/revisions"}],"predecessor-version":[{"id":7413,"href":"https:\/\/www.frigair.com\/de\/wp-json\/wp\/v2\/pages\/7402\/revisions\/7413"}],"wp:attachment":[{"href":"https:\/\/www.frigair.com\/de\/wp-json\/wp\/v2\/media?parent=7402"}],"curies":[{"name":"wp","href":"https:\/\/api.w.org\/{rel}","templated":true}]}}